{"id":1511,"date":"2020-11-18T15:48:53","date_gmt":"2020-11-18T15:48:53","guid":{"rendered":"https:\/\/academy.asseco.pl\/?page_id=1511"},"modified":"2020-11-18T21:16:51","modified_gmt":"2020-11-18T21:16:51","slug":"sciezki-certyfikacyjne","status":"publish","type":"page","link":"https:\/\/academy.asseco.pl\/en\/jakosc-asseco\/sciezki-certyfikacyjne\/","title":{"rendered":"\u015acie\u017cki certyfikacyjne"},"content":{"rendered":"<section class=\"o-section c-hero c-hero--secondary c-hero--big  u-color--main-1 u-font--func-1 u-color--func-8 u-color-opacity- has-normal-font-size\" style=\"background-image: url('https:\/\/academy.asseco.pl\/wp-content\/uploads\/2020\/04\/majorel-consulting-agile-scaled-1-1920x600.jpeg')\"id=\"section_1\"\n>\n  \n\n    <div class=\"o-wrapper c-hero__container\">\n          <div class=\"c-breadcrumbs__wrapper o-layout__itemo-flex o-flex--grids u-hidden@less-then-large\">\n    <div class=\"o-flex__item u-flex-12\/12\">\n        <div class=\"c-breadcrumbs\"><span><span><a href=\"https:\/\/academy.asseco.pl\/en\/\">Asseco Academy<\/a><\/span><\/span><\/div>\n    <\/div>\n<\/div>        <div class=\"c-hero__content \">\n\n            <h2 class=\"c-heading c-heading--h2 c-hero__title u-margin-bottom-tiny \">\u015acie\u017cki certyfikacyjne<\/h2>\n      <div class=\"c-hero__desc\">\n    <p>O certyfikacjach w Asseco. Mo\u017cliwo\u015b\u0107 zaprezentowania posiadanych certyfikat\u00f3w pomaga zbudowa\u0107 wizerunek kompetentnego eksperta, kt\u00f3remu mo\u017cna zaufa\u0107 oraz powierzy\u0107 piastowanie wa\u017cnych i odpowiedzialnych funkcji w organizacji.<\/p>\n \n<\/div>            \n      \n                <\/div>\n  <\/div>\n<\/section>\n\n\n\n\n<section class=\"o-section js-postlist c-post-list  has-normal-font-size\"id=\"section_2\"\n>\n  <div class=\"c-loader  js-loader\">\n  <div class=\"lds-dual-ring\"><\/div>\n<\/div>\n    <div class=\"o-wrapper c-post-list__container o-flex o-flex--wrap\">\n                <h2 class=\"c-heading c-heading--h2 c-post-list__title u-flex-12\/12 u-text--center  u-font--main-1 \">Zobacz dostepne \u015bcie\u017cki certyfikacji<\/h2>                <div class=\"c-post-list__content o-flex__item u-flex-12\/12\">\n\n      \n      <div class=\"o-flex o-flex--grids o-flex--grids-stretched   js-postlist-posts\">\n                                                \n                \n        \n    <div class=\"o-flex o-flex--centered\" style=\"width: 100%;\">\n              <p class=\"u-text--smaller\">Sorry, no articles in the selected category.<\/p>\n          <\/div>\n      <\/div>\n    <\/div>\n      <\/div>\n<\/section>\n\n\n<section class=\"o-section c-contact \"id=\"section_3\"\n>\n  <div class=\"o-wrapper c-contact__container-wrapper\">\n    <div class=\"c-contact__container  u-color--func-8 u-color-opacity- u-font--func-1\" style=\"background-image: url('https:\/\/academy.asseco.pl\/wp-content\/uploads\/2020\/04\/majorel-consulting-agile-scaled-1-1170x480.jpeg')\">\n      <div class=\"c-contact__content\">\n                  <h2 class=\"c-heading c-heading--h1 c-contact__title u-margin-bottom-tiny \">Chcesz z nami porozmawia\u0107?<\/h2>                                  <div class=\"c-contact__desc u-text--strong\">\n    <p>Zadzwo\u0144 do nas: tel. <a href=\"tel:801303030\"><strong> 801 30 30 30<\/strong><\/a><\/p>\n<p><span class=\"u-text--smaller\">lub<\/span><\/p>\n \n<\/div> \n                                <div class=\"c-contact__buttons o-flex o-flex--wrap\">\n          <button class=\"c-button c-button--tertiary c-button--alternative c-contact__cta js-popup-trigger\" data-popup=\"write-us\">\n            Write us\n          <\/button>\n          <button class=\"c-button c-button--tertiary c-button--alternative c-contact__cta js-popup-trigger\" data-popup=\"call-back\">\n            Leave your phone number\n          <\/button>\n        <\/div>\n      <\/div>\n    <\/div>\n  <\/div>\n<\/section>\n","protected":false},"excerpt":{"rendered":"","protected":false},"author":1,"featured_media":0,"parent":1509,"menu_order":157,"comment_status":"closed","ping_status":"closed","template":"","meta":{"_acf_changed":false,"inline_featured_image":false,"footnotes":""},"class_list":["post-1511","page","type-page","status-publish","hentry"],"acf":[],"yoast_head":"<!-- This site is optimized with the Yoast SEO plugin v27.2 - https:\/\/yoast.com\/product\/yoast-seo-wordpress\/ -->\n<title>\u015acie\u017cki certyfikacyjne - Asseco Academy<\/title>\n<meta name=\"robots\" content=\"index, follow, max-snippet:-1, max-image-preview:large, max-video-preview:-1\" \/>\n<link rel=\"canonical\" href=\"https:\/\/academy.asseco.pl\/en\/jakosc-asseco\/sciezki-certyfikacyjne\/\" \/>\n<meta property=\"og:locale\" content=\"en_US\" \/>\n<meta property=\"og:type\" content=\"article\" \/>\n<meta property=\"og:title\" content=\"\u015acie\u017cki certyfikacyjne - Asseco Academy\" \/>\n<meta property=\"og:url\" content=\"https:\/\/academy.asseco.pl\/en\/jakosc-asseco\/sciezki-certyfikacyjne\/\" \/>\n<meta property=\"og:site_name\" content=\"Asseco Academy\" \/>\n<meta property=\"article:modified_time\" content=\"2020-11-18T21:16:51+00:00\" \/>\n<meta name=\"twitter:card\" content=\"summary_large_image\" \/>\n<script type=\"application\/ld+json\" class=\"yoast-schema-graph\">{\"@context\":\"https:\/\/schema.org\",\"@graph\":[{\"@type\":\"WebPage\",\"@id\":\"https:\/\/academy.asseco.pl\/en\/jakosc-asseco\/sciezki-certyfikacyjne\/\",\"url\":\"https:\/\/academy.asseco.pl\/en\/jakosc-asseco\/sciezki-certyfikacyjne\/\",\"name\":\"\u015acie\u017cki certyfikacyjne - Asseco Academy\",\"isPartOf\":{\"@id\":\"https:\/\/academy.asseco.pl\/en\/#website\"},\"datePublished\":\"2020-11-18T15:48:53+00:00\",\"dateModified\":\"2020-11-18T21:16:51+00:00\",\"breadcrumb\":{\"@id\":\"https:\/\/academy.asseco.pl\/en\/jakosc-asseco\/sciezki-certyfikacyjne\/#breadcrumb\"},\"inLanguage\":\"en-US\",\"potentialAction\":[{\"@type\":\"ReadAction\",\"target\":[\"https:\/\/academy.asseco.pl\/en\/jakosc-asseco\/sciezki-certyfikacyjne\/\"]}]},{\"@type\":\"BreadcrumbList\",\"@id\":\"https:\/\/academy.asseco.pl\/en\/jakosc-asseco\/sciezki-certyfikacyjne\/#breadcrumb\",\"itemListElement\":[{\"@type\":\"ListItem\",\"position\":1,\"name\":\"Asseco Academy\",\"item\":\"https:\/\/academy.asseco.pl\/en\/\"},{\"@type\":\"ListItem\",\"position\":2,\"name\":\"Asseco Standard of Quality\",\"item\":\"https:\/\/academy.asseco.pl\/en\/jakosc-asseco\/\"},{\"@type\":\"ListItem\",\"position\":3,\"name\":\"\u015acie\u017cki certyfikacyjne\"}]},{\"@type\":\"WebSite\",\"@id\":\"https:\/\/academy.asseco.pl\/en\/#website\",\"url\":\"https:\/\/academy.asseco.pl\/en\/\",\"name\":\"Asseco Academy\",\"description\":\"Asseco Academy\",\"publisher\":{\"@id\":\"https:\/\/academy.asseco.pl\/en\/#organization\"},\"potentialAction\":[{\"@type\":\"SearchAction\",\"target\":{\"@type\":\"EntryPoint\",\"urlTemplate\":\"https:\/\/academy.asseco.pl\/en\/?s={search_term_string}\"},\"query-input\":{\"@type\":\"PropertyValueSpecification\",\"valueRequired\":true,\"valueName\":\"search_term_string\"}}],\"inLanguage\":\"en-US\"},{\"@type\":\"Organization\",\"@id\":\"https:\/\/academy.asseco.pl\/en\/#organization\",\"name\":\"Asseco Academy\",\"url\":\"https:\/\/academy.asseco.pl\/en\/\",\"logo\":{\"@type\":\"ImageObject\",\"inLanguage\":\"en-US\",\"@id\":\"https:\/\/academy.asseco.pl\/en\/#\/schema\/logo\/image\/\",\"url\":\"https:\/\/academy.asseco.pl\/wp-content\/uploads\/2020\/04\/asseco_academy.png\",\"contentUrl\":\"https:\/\/academy.asseco.pl\/wp-content\/uploads\/2020\/04\/asseco_academy.png\",\"width\":197,\"height\":26,\"caption\":\"Asseco Academy\"},\"image\":{\"@id\":\"https:\/\/academy.asseco.pl\/en\/#\/schema\/logo\/image\/\"}}]}<\/script>\n<!-- \/ Yoast SEO plugin. -->","yoast_head_json":{"title":"\u015acie\u017cki certyfikacyjne - Asseco Academy","robots":{"index":"index","follow":"follow","max-snippet":"max-snippet:-1","max-image-preview":"max-image-preview:large","max-video-preview":"max-video-preview:-1"},"canonical":"https:\/\/academy.asseco.pl\/en\/jakosc-asseco\/sciezki-certyfikacyjne\/","og_locale":"en_US","og_type":"article","og_title":"\u015acie\u017cki certyfikacyjne - Asseco Academy","og_url":"https:\/\/academy.asseco.pl\/en\/jakosc-asseco\/sciezki-certyfikacyjne\/","og_site_name":"Asseco Academy","article_modified_time":"2020-11-18T21:16:51+00:00","twitter_card":"summary_large_image","schema":{"@context":"https:\/\/schema.org","@graph":[{"@type":"WebPage","@id":"https:\/\/academy.asseco.pl\/en\/jakosc-asseco\/sciezki-certyfikacyjne\/","url":"https:\/\/academy.asseco.pl\/en\/jakosc-asseco\/sciezki-certyfikacyjne\/","name":"\u015acie\u017cki certyfikacyjne - Asseco Academy","isPartOf":{"@id":"https:\/\/academy.asseco.pl\/en\/#website"},"datePublished":"2020-11-18T15:48:53+00:00","dateModified":"2020-11-18T21:16:51+00:00","breadcrumb":{"@id":"https:\/\/academy.asseco.pl\/en\/jakosc-asseco\/sciezki-certyfikacyjne\/#breadcrumb"},"inLanguage":"en-US","potentialAction":[{"@type":"ReadAction","target":["https:\/\/academy.asseco.pl\/en\/jakosc-asseco\/sciezki-certyfikacyjne\/"]}]},{"@type":"BreadcrumbList","@id":"https:\/\/academy.asseco.pl\/en\/jakosc-asseco\/sciezki-certyfikacyjne\/#breadcrumb","itemListElement":[{"@type":"ListItem","position":1,"name":"Asseco Academy","item":"https:\/\/academy.asseco.pl\/en\/"},{"@type":"ListItem","position":2,"name":"Asseco Standard of Quality","item":"https:\/\/academy.asseco.pl\/en\/jakosc-asseco\/"},{"@type":"ListItem","position":3,"name":"\u015acie\u017cki certyfikacyjne"}]},{"@type":"WebSite","@id":"https:\/\/academy.asseco.pl\/en\/#website","url":"https:\/\/academy.asseco.pl\/en\/","name":"Asseco Academy","description":"Asseco Academy","publisher":{"@id":"https:\/\/academy.asseco.pl\/en\/#organization"},"potentialAction":[{"@type":"SearchAction","target":{"@type":"EntryPoint","urlTemplate":"https:\/\/academy.asseco.pl\/en\/?s={search_term_string}"},"query-input":{"@type":"PropertyValueSpecification","valueRequired":true,"valueName":"search_term_string"}}],"inLanguage":"en-US"},{"@type":"Organization","@id":"https:\/\/academy.asseco.pl\/en\/#organization","name":"Asseco Academy","url":"https:\/\/academy.asseco.pl\/en\/","logo":{"@type":"ImageObject","inLanguage":"en-US","@id":"https:\/\/academy.asseco.pl\/en\/#\/schema\/logo\/image\/","url":"https:\/\/academy.asseco.pl\/wp-content\/uploads\/2020\/04\/asseco_academy.png","contentUrl":"https:\/\/academy.asseco.pl\/wp-content\/uploads\/2020\/04\/asseco_academy.png","width":197,"height":26,"caption":"Asseco Academy"},"image":{"@id":"https:\/\/academy.asseco.pl\/en\/#\/schema\/logo\/image\/"}}]}},"_links":{"self":[{"href":"https:\/\/academy.asseco.pl\/en\/wp-json\/wp\/v2\/pages\/1511","targetHints":{"allow":["GET"]}}],"collection":[{"href":"https:\/\/academy.asseco.pl\/en\/wp-json\/wp\/v2\/pages"}],"about":[{"href":"https:\/\/academy.asseco.pl\/en\/wp-json\/wp\/v2\/types\/page"}],"author":[{"embeddable":true,"href":"https:\/\/academy.asseco.pl\/en\/wp-json\/wp\/v2\/users\/1"}],"replies":[{"embeddable":true,"href":"https:\/\/academy.asseco.pl\/en\/wp-json\/wp\/v2\/comments?post=1511"}],"version-history":[{"count":0,"href":"https:\/\/academy.asseco.pl\/en\/wp-json\/wp\/v2\/pages\/1511\/revisions"}],"up":[{"embeddable":true,"href":"https:\/\/academy.asseco.pl\/en\/wp-json\/wp\/v2\/pages\/1509"}],"wp:attachment":[{"href":"https:\/\/academy.asseco.pl\/en\/wp-json\/wp\/v2\/media?parent=1511"}],"curies":[{"name":"wp","href":"https:\/\/api.w.org\/{rel}","templated":true}]}}