{"id":1588,"date":"2020-12-14T07:24:50","date_gmt":"2020-12-14T07:24:50","guid":{"rendered":"https:\/\/academy.asseco.pl\/?page_id=1588"},"modified":"2021-01-21T06:40:24","modified_gmt":"2021-01-21T06:40:24","slug":"uslugi-dla-biznesu","status":"publish","type":"page","link":"https:\/\/academy.asseco.pl\/en\/uslugi-dla-biznesu\/","title":{"rendered":"Us\u0142ugi dla biznesu"},"content":{"rendered":"<section class=\"o-section c-hero c-hero--secondary c-hero--normal  u-color--main-1 u-font--func-1 has-normal-font-size\" style=\"background-image: url('https:\/\/academy.asseco.pl\/wp-content\/uploads\/2020\/05\/gettyimages-643843374-2048x2048-1-1920x550.jpg')\"id=\"section_1\"\n>\n  \n\n    <div class=\"o-wrapper c-hero__container\">\n          <div class=\"c-breadcrumbs__wrapper o-layout__itemo-flex o-flex--grids u-hidden@less-then-large\">\n    <div class=\"o-flex__item u-flex-12\/12\">\n        <div class=\"c-breadcrumbs\"><span><span><a href=\"https:\/\/academy.asseco.pl\/en\/\">Asseco Academy<\/a><\/span><\/span><\/div>\n    <\/div>\n<\/div>        <div class=\"c-hero__content \">\n\n            <h2 class=\"c-heading c-heading--h2 c-hero__title u-margin-bottom-tiny \">Co mo\u017cemy dla Ciebie zrobi\u0107?<\/h2>\n      <div class=\"c-hero__desc\">\n    <p>Wst\u0119p do us\u0142ug dla biznesu. Lorem ipsum dolor sit amet, consectetur adipiscing elit, sed do eiusmod tempor incididunt ut labore et dolore magna aliqua. Ut enim Nasi do\u015bwiadczeni trenerzy Lorem ipsum dolor sit amet, consectetur adipiscing elit, sed do eiusmod tempor incididunt ut labore et<\/p>\n \n<\/div>            \n      \n                <\/div>\n  <\/div>\n<\/section>\n\n\n\n\n<section class=\"o-section js-postlist c-post-list  has-normal-font-size\"id=\"section_2\"\n>\n  <div class=\"c-loader  js-loader\">\n  <div class=\"lds-dual-ring\"><\/div>\n<\/div>\n    <div class=\"o-wrapper c-post-list__container o-flex o-flex--wrap\">\n                <h2 class=\"c-heading c-heading--h2 c-post-list__title u-flex-12\/12 u-text--center  \">Wspieramy Tw\u00f3j biznes<\/h2>                  <div class=\"c-post-list__desc u-flex-12\/12 u-text--center\">\n    <p style=\"text-align: center;\">Kilka s\u0142\u00f3w o tym co daj\u0105 te us\u0142ugi. Lorem ipsum dolor sit amet, consectetur adipiscing elit, sed do eiusmod tempor incididunt ut labore et dolore magna aliqua.<\/p>\n \n<\/div>        <div class=\"c-post-list__content o-flex__item u-flex-12\/12\">\n\n      \n      <div class=\"o-flex o-flex--grids o-flex--grids-stretched   js-postlist-posts\">\n                                                \n                \n        \n    <div class=\"o-flex o-flex--centered\" style=\"width: 100%;\">\n              <p class=\"u-text--smaller\">Sorry, no articles in the selected category.<\/p>\n          <\/div>\n      <\/div>\n    <\/div>\n      <\/div>\n<\/section>\n\n\n<section class=\"o-section c-contact c-contact--alternative c-contact--small \"id=\"section_3\"\n>\n  <div class=\"o-wrapper c-contact__container-wrapper\">\n    <div class=\"c-contact__container  has-normal-font-size\" style=\"background-image: url('https:\/\/academy.asseco.pl\/wp-content\/uploads\/2020\/04\/chesz-porozmawia\u0107_.png')\">\n      <div class=\"c-contact__content\">\n                  <h2 class=\"c-heading c-heading--h2 c-contact__title u-margin-bottom-tiny \">Szukasz szkolenia <br \/>\r\ndla swoich pracownik\u00f3w?<\/h2>                                                <div class=\"c-contact__buttons o-flex o-flex--wrap\">\n          <button class=\"c-button c-button--tertiary c-button--alternative c-contact__cta js-popup-trigger\" data-popup=\"write-us\">\n            Write us\n          <\/button>\n          <button class=\"c-button c-button--tertiary c-button--alternative c-contact__cta js-popup-trigger\" data-popup=\"call-back\">\n            Leave your phone number\n          <\/button>\n        <\/div>\n      <\/div>\n    <\/div>\n  <\/div>\n<\/section>\n\n\n<section class=\"o-section c-icons u-font--sub-1 has-normal-font-size\"id=\"section_4\"\n>\n  \n  <div class=\"o-wrapper c-icons__container \">\n\n            <h2 class=\"c-heading c-heading--h2 c-icons__title  \">Kto nam zaufa\u0142?<\/h2>    <div class=\"c-icons__desc\">\n    <p style=\"text-align: center;\">Tutaj mo\u017cemy wspomnie\u0107 o sektorach firm albo umie\u015bci\u0107 og\u00f3lne informacje o nas orbi ac odio quam. Nam fringilla erat eu metus accumsan, tempus maximus erat volutpat. Quisque enim leo si\u0119 wi\u0119cej o nas.<\/p>\n \n<\/div>        <div class=\"\">\n      <div class=\"c-icons__content  o-flex o-flex--grids o-flex--grids-stretched      \">\n                  \n\n            <div class=\"c-icons__item o-flex__item u-flex-1\/5@large   u-text--center   u-flex-self-top  \">\n              <div class=\"c-icons__item-box\">\n                                                                                                          <img decoding=\"async\" class=\"c-icons__icon  u-margin-bottom-big\" src=\"https:\/\/academy.asseco.pl\/wp-content\/uploads\/2020\/06\/unnamed.png\" alt=\"\"\/>\n                                                                \n                              <\/div>\n            <\/div>\n                              \n\n            <div class=\"c-icons__item o-flex__item u-flex-1\/5@large   u-text--center   u-flex-self-top  \">\n              <div class=\"c-icons__item-box\">\n                                                                                                          <img decoding=\"async\" class=\"c-icons__icon  u-margin-bottom-big\" src=\"https:\/\/academy.asseco.pl\/wp-content\/uploads\/2020\/06\/axelos.png\" alt=\"\"\/>\n                                                                \n                              <\/div>\n            <\/div>\n                              \n\n            <div class=\"c-icons__item o-flex__item u-flex-1\/5@large   u-text--center   u-flex-self-top  \">\n              <div class=\"c-icons__item-box\">\n                                                                                                          <img decoding=\"async\" class=\"c-icons__icon  u-margin-bottom-big\" src=\"https:\/\/academy.asseco.pl\/wp-content\/uploads\/2020\/06\/unnamed-2.jpg\" alt=\"\"\/>\n                                                                \n                              <\/div>\n            <\/div>\n                              \n\n            <div class=\"c-icons__item o-flex__item u-flex-1\/5@large   u-text--center   u-flex-self-top  \">\n              <div class=\"c-icons__item-box\">\n                                                                                                          <img decoding=\"async\" class=\"c-icons__icon  u-margin-bottom-big\" src=\"https:\/\/academy.asseco.pl\/wp-content\/uploads\/2020\/06\/2020DOI_Logo_Landscape_Stacked-scaled.jpg\" alt=\"\"\/>\n                                                                \n                              <\/div>\n            <\/div>\n                              \n\n            <div class=\"c-icons__item o-flex__item u-flex-1\/5@large   u-text--center   u-flex-self-top  \">\n              <div class=\"c-icons__item-box\">\n                                                                                                          <img decoding=\"async\" class=\"c-icons__icon  u-margin-bottom-big\" src=\"https:\/\/academy.asseco.pl\/wp-content\/uploads\/2020\/06\/unnamed-3.jpg\" alt=\"\"\/>\n                                                                \n                              <\/div>\n            <\/div>\n                          <\/div>\n    <\/div>\n      <\/div>\n<\/section>\n\n\n\n\n<section class=\"o-section js-postlist c-post-list  has-normal-font-size\"id=\"section_5\"\n>\n  <div class=\"c-loader  js-loader\">\n  <div class=\"lds-dual-ring\"><\/div>\n<\/div>\n    <div class=\"o-wrapper c-post-list__container o-flex o-flex--wrap\">\n                <div class=\"c-post-list__content o-flex__item u-flex-12\/12\">\n\n      \n      <div class=\"o-flex o-flex--grids o-flex--grids-stretched   js-postlist-posts\">\n                                                \n                \n        \n      \n          <div class=\"c-post-list__item o-flex__item u-flex-1\/1 u-flex-1\/2@medium u-flex-1\/3@large \">\n    \n            \n                      <a href=\"https:\/\/academy.asseco.pl\/en\/testimonial\/ania\/\" class=\"o-link c-tease c-tease--testimonial\">\n  <div class=\"c-tease__desc\">\n    <div class=\"c-tease__content\">\n        <div class=\"c-tease__excerpt\"><div class=\"u-flex-12\/12\"><div class=\"o-wrapper u-padding-horizontal-none\"><span title=\"\">\u201cRemote training met my expectations.<\/span> <span title=\"\">Contact with the lecturer and the presented materials ensured the correct transfer of knowledge.<\/span> <span title=\"\">The necessary condition is, of course, the performance of the Internet connection.<\/span> <span title=\"\">&#8220;<\/span><\/div><\/div><div class=\"c-tease__effect\"><\/div><\/div>\n        <p class=\"c-tease__title\">Dariusz<\/p>\n        <p class=\"c-tease__job\">PKO Bank Polska S.A.<\/p>\n    <\/div>\n  <\/div>\n  <\/a>\n                    \n    <\/div>\n      \n          <div class=\"c-post-list__item o-flex__item u-flex-1\/1 u-flex-1\/2@medium u-flex-1\/3@large \">\n    \n            \n                      <a href=\"https:\/\/academy.asseco.pl\/en\/testimonial\/ania-2\/\" class=\"o-link c-tease c-tease--testimonial\">\n  <div class=\"c-tease__desc\">\n    <div class=\"c-tease__content\">\n        <div class=\"c-tease__excerpt\"><div class=\"u-flex-12\/12\"><div class=\"o-wrapper u-padding-horizontal-none\"><div class=\"poznajOpinieBoxText\"><span title=\"\">\u201cThe form of the training suited me very well and was even more productive than the classroom training.<\/span> <span title=\"\">The method of communication allowed for two-way interaction and did not affect the quality of the content.<\/span> <span title=\"\">The transmission was smooth.<\/span> <span title=\"\">The lecturer has a lot of substantive knowledge, which he was able to convey in a clear and clear way.<\/span> <span title=\"\">I recommend this form of training.<\/span><span title=\"\">&#8220;<\/span><\/div><\/div><\/div><div class=\"c-tease__effect\"><\/div><\/div>\n        <p class=\"c-tease__title\">Krzysztof<\/p>\n        <p class=\"c-tease__job\">Polskie Radio S.A.<\/p>\n    <\/div>\n  <\/div>\n  <\/a>\n                    \n    <\/div>\n  \n      <\/div>\n    <\/div>\n          <div class=\"u-text-center u-flex-12\/12\">\n      <a\n    href=\"#\"\n    target=\"\"\n        class=\"c-button c-button--primary\n                                                                c-post-list__cta\n    \"\n    >\n        Zobacz wi\u0119cej referencji\n    <\/a>\n      <\/div>\n      <\/div>\n<\/section>\n\n\n<section class=\"o-section c-contact \"id=\"section_6\"\n>\n  <div class=\"o-wrapper c-contact__container-wrapper\">\n    <div class=\"c-contact__container  u-color--func-8 u-color-opacity- u-font--func-1\" style=\"background-image: url('https:\/\/academy.asseco.pl\/wp-content\/uploads\/2020\/04\/majorel-consulting-agile-scaled-1-1170x480.jpeg')\">\n      <div class=\"c-contact__content\">\n                  <h2 class=\"c-heading c-heading--h1 c-contact__title u-margin-bottom-tiny \">Chcesz z nami porozmawia\u0107?<\/h2>                                  <div class=\"c-contact__desc u-text--strong\">\n    <p>Zadzwo\u0144 do nas: tel. <a href=\"tel:801303030\"><strong> 801 30 30 30<\/strong><\/a><\/p>\n<p><span class=\"u-text--smaller\">lub<\/span><\/p>\n \n<\/div> \n                                <div class=\"c-contact__buttons o-flex o-flex--wrap\">\n          <button class=\"c-button c-button--tertiary c-button--alternative c-contact__cta js-popup-trigger\" data-popup=\"write-us\">\n            Write us\n          <\/button>\n          <button class=\"c-button c-button--tertiary c-button--alternative c-contact__cta js-popup-trigger\" data-popup=\"call-back\">\n            Leave your phone number\n          <\/button>\n        <\/div>\n      <\/div>\n    <\/div>\n  <\/div>\n<\/section>\n","protected":false},"excerpt":{"rendered":"","protected":false},"author":1,"featured_media":0,"parent":0,"menu_order":172,"comment_status":"closed","ping_status":"closed","template":"","meta":{"_acf_changed":false,"inline_featured_image":false,"footnotes":""},"class_list":["post-1588","page","type-page","status-publish","hentry"],"acf":[],"yoast_head":"<!-- This site is optimized with the Yoast SEO plugin v27.2 - https:\/\/yoast.com\/product\/yoast-seo-wordpress\/ -->\n<title>Us\u0142ugi dla biznesu - Asseco Academy<\/title>\n<meta name=\"robots\" content=\"index, follow, max-snippet:-1, max-image-preview:large, max-video-preview:-1\" \/>\n<link rel=\"canonical\" href=\"https:\/\/academy.asseco.pl\/en\/uslugi-dla-biznesu\/\" \/>\n<meta property=\"og:locale\" content=\"en_US\" \/>\n<meta property=\"og:type\" content=\"article\" \/>\n<meta property=\"og:title\" content=\"Us\u0142ugi dla biznesu - Asseco Academy\" \/>\n<meta property=\"og:url\" content=\"https:\/\/academy.asseco.pl\/en\/uslugi-dla-biznesu\/\" \/>\n<meta property=\"og:site_name\" content=\"Asseco Academy\" \/>\n<meta property=\"article:modified_time\" content=\"2021-01-21T06:40:24+00:00\" \/>\n<meta name=\"twitter:card\" content=\"summary_large_image\" \/>\n<script type=\"application\/ld+json\" class=\"yoast-schema-graph\">{\"@context\":\"https:\/\/schema.org\",\"@graph\":[{\"@type\":\"WebPage\",\"@id\":\"https:\/\/academy.asseco.pl\/en\/uslugi-dla-biznesu\/\",\"url\":\"https:\/\/academy.asseco.pl\/en\/uslugi-dla-biznesu\/\",\"name\":\"Us\u0142ugi dla biznesu - Asseco Academy\",\"isPartOf\":{\"@id\":\"https:\/\/academy.asseco.pl\/en\/#website\"},\"datePublished\":\"2020-12-14T07:24:50+00:00\",\"dateModified\":\"2021-01-21T06:40:24+00:00\",\"breadcrumb\":{\"@id\":\"https:\/\/academy.asseco.pl\/en\/uslugi-dla-biznesu\/#breadcrumb\"},\"inLanguage\":\"en-US\",\"potentialAction\":[{\"@type\":\"ReadAction\",\"target\":[\"https:\/\/academy.asseco.pl\/en\/uslugi-dla-biznesu\/\"]}]},{\"@type\":\"BreadcrumbList\",\"@id\":\"https:\/\/academy.asseco.pl\/en\/uslugi-dla-biznesu\/#breadcrumb\",\"itemListElement\":[{\"@type\":\"ListItem\",\"position\":1,\"name\":\"Asseco Academy\",\"item\":\"https:\/\/academy.asseco.pl\/en\/\"},{\"@type\":\"ListItem\",\"position\":2,\"name\":\"Us\u0142ugi dla biznesu\"}]},{\"@type\":\"WebSite\",\"@id\":\"https:\/\/academy.asseco.pl\/en\/#website\",\"url\":\"https:\/\/academy.asseco.pl\/en\/\",\"name\":\"Asseco Academy\",\"description\":\"Asseco Academy\",\"publisher\":{\"@id\":\"https:\/\/academy.asseco.pl\/en\/#organization\"},\"potentialAction\":[{\"@type\":\"SearchAction\",\"target\":{\"@type\":\"EntryPoint\",\"urlTemplate\":\"https:\/\/academy.asseco.pl\/en\/?s={search_term_string}\"},\"query-input\":{\"@type\":\"PropertyValueSpecification\",\"valueRequired\":true,\"valueName\":\"search_term_string\"}}],\"inLanguage\":\"en-US\"},{\"@type\":\"Organization\",\"@id\":\"https:\/\/academy.asseco.pl\/en\/#organization\",\"name\":\"Asseco Academy\",\"url\":\"https:\/\/academy.asseco.pl\/en\/\",\"logo\":{\"@type\":\"ImageObject\",\"inLanguage\":\"en-US\",\"@id\":\"https:\/\/academy.asseco.pl\/en\/#\/schema\/logo\/image\/\",\"url\":\"https:\/\/academy.asseco.pl\/wp-content\/uploads\/2020\/04\/asseco_academy.png\",\"contentUrl\":\"https:\/\/academy.asseco.pl\/wp-content\/uploads\/2020\/04\/asseco_academy.png\",\"width\":197,\"height\":26,\"caption\":\"Asseco Academy\"},\"image\":{\"@id\":\"https:\/\/academy.asseco.pl\/en\/#\/schema\/logo\/image\/\"}}]}<\/script>\n<!-- \/ Yoast SEO plugin. -->","yoast_head_json":{"title":"Us\u0142ugi dla biznesu - Asseco Academy","robots":{"index":"index","follow":"follow","max-snippet":"max-snippet:-1","max-image-preview":"max-image-preview:large","max-video-preview":"max-video-preview:-1"},"canonical":"https:\/\/academy.asseco.pl\/en\/uslugi-dla-biznesu\/","og_locale":"en_US","og_type":"article","og_title":"Us\u0142ugi dla biznesu - Asseco Academy","og_url":"https:\/\/academy.asseco.pl\/en\/uslugi-dla-biznesu\/","og_site_name":"Asseco Academy","article_modified_time":"2021-01-21T06:40:24+00:00","twitter_card":"summary_large_image","schema":{"@context":"https:\/\/schema.org","@graph":[{"@type":"WebPage","@id":"https:\/\/academy.asseco.pl\/en\/uslugi-dla-biznesu\/","url":"https:\/\/academy.asseco.pl\/en\/uslugi-dla-biznesu\/","name":"Us\u0142ugi dla biznesu - Asseco Academy","isPartOf":{"@id":"https:\/\/academy.asseco.pl\/en\/#website"},"datePublished":"2020-12-14T07:24:50+00:00","dateModified":"2021-01-21T06:40:24+00:00","breadcrumb":{"@id":"https:\/\/academy.asseco.pl\/en\/uslugi-dla-biznesu\/#breadcrumb"},"inLanguage":"en-US","potentialAction":[{"@type":"ReadAction","target":["https:\/\/academy.asseco.pl\/en\/uslugi-dla-biznesu\/"]}]},{"@type":"BreadcrumbList","@id":"https:\/\/academy.asseco.pl\/en\/uslugi-dla-biznesu\/#breadcrumb","itemListElement":[{"@type":"ListItem","position":1,"name":"Asseco Academy","item":"https:\/\/academy.asseco.pl\/en\/"},{"@type":"ListItem","position":2,"name":"Us\u0142ugi dla biznesu"}]},{"@type":"WebSite","@id":"https:\/\/academy.asseco.pl\/en\/#website","url":"https:\/\/academy.asseco.pl\/en\/","name":"Asseco Academy","description":"Asseco Academy","publisher":{"@id":"https:\/\/academy.asseco.pl\/en\/#organization"},"potentialAction":[{"@type":"SearchAction","target":{"@type":"EntryPoint","urlTemplate":"https:\/\/academy.asseco.pl\/en\/?s={search_term_string}"},"query-input":{"@type":"PropertyValueSpecification","valueRequired":true,"valueName":"search_term_string"}}],"inLanguage":"en-US"},{"@type":"Organization","@id":"https:\/\/academy.asseco.pl\/en\/#organization","name":"Asseco Academy","url":"https:\/\/academy.asseco.pl\/en\/","logo":{"@type":"ImageObject","inLanguage":"en-US","@id":"https:\/\/academy.asseco.pl\/en\/#\/schema\/logo\/image\/","url":"https:\/\/academy.asseco.pl\/wp-content\/uploads\/2020\/04\/asseco_academy.png","contentUrl":"https:\/\/academy.asseco.pl\/wp-content\/uploads\/2020\/04\/asseco_academy.png","width":197,"height":26,"caption":"Asseco Academy"},"image":{"@id":"https:\/\/academy.asseco.pl\/en\/#\/schema\/logo\/image\/"}}]}},"_links":{"self":[{"href":"https:\/\/academy.asseco.pl\/en\/wp-json\/wp\/v2\/pages\/1588","targetHints":{"allow":["GET"]}}],"collection":[{"href":"https:\/\/academy.asseco.pl\/en\/wp-json\/wp\/v2\/pages"}],"about":[{"href":"https:\/\/academy.asseco.pl\/en\/wp-json\/wp\/v2\/types\/page"}],"author":[{"embeddable":true,"href":"https:\/\/academy.asseco.pl\/en\/wp-json\/wp\/v2\/users\/1"}],"replies":[{"embeddable":true,"href":"https:\/\/academy.asseco.pl\/en\/wp-json\/wp\/v2\/comments?post=1588"}],"version-history":[{"count":0,"href":"https:\/\/academy.asseco.pl\/en\/wp-json\/wp\/v2\/pages\/1588\/revisions"}],"wp:attachment":[{"href":"https:\/\/academy.asseco.pl\/en\/wp-json\/wp\/v2\/media?parent=1588"}],"curies":[{"name":"wp","href":"https:\/\/api.w.org\/{rel}","templated":true}]}}