{"id":1596117,"date":"2025-08-20T09:48:35","date_gmt":"2025-08-20T07:48:35","guid":{"rendered":"https:\/\/academy.asseco.pl\/webinars\/"},"modified":"2025-08-20T09:55:19","modified_gmt":"2025-08-20T07:55:19","slug":"webinars","status":"publish","type":"page","link":"https:\/\/academy.asseco.pl\/en\/webinars\/","title":{"rendered":"Webinars"},"content":{"rendered":"<section class=\"o-section c-hero c-hero--primary c-hero--normal  u-color--main-1 u-font--func-1 has-normal-font-size\"id=\"section_1\"\n>\n  \n\n    <div class=\"o-wrapper c-hero__container\">\n          <div class=\"c-breadcrumbs__wrapper o-layout__itemo-flex o-flex--grids u-hidden@less-then-large\">\n    <div class=\"o-flex__item u-flex-12\/12\">\n        <div class=\"c-breadcrumbs\"><span><span><a href=\"https:\/\/academy.asseco.pl\/en\/\">Asseco Academy<\/a><\/span><\/span><\/div>\n    <\/div>\n<\/div>        <div class=\"c-hero__content \">\n\n            <h2 class=\"c-heading c-heading--h1 c-hero__title u-margin-bottom-tiny \">Asseco Academy Webinars<\/h2>\n      <div class=\"c-hero__desc\">\n     \n<\/div>            \n      \n                <\/div>\n  <\/div>\n<\/section>\n\n\n\n\n<section class=\"o-section js-postlist c-post-list  has-normal-font-size\"id=\"section_2\"\n>\n  <div class=\"c-loader  js-loader\">\n  <div class=\"lds-dual-ring\"><\/div>\n<\/div>\n    <div class=\"o-wrapper c-post-list__container o-flex o-flex--wrap\">\n                <h2 class=\"c-heading c-heading--h2 c-post-list__title u-flex-12\/12 u-text--center  \">Upcoming webinars<\/h2>                <div class=\"c-post-list__content o-flex__item u-flex-12\/12\">\n\n      \n      <div class=\"o-flex o-flex--grids o-flex--grids-stretched u-image-border-accent  js-postlist-posts\">\n                \n                                \n                            \n        \n      \n          <div class=\"c-post-list__item o-flex__item u-flex-1\/1 u-flex-1\/2@medium u-flex-1\/2@large \">\n    \n            \n                    <a href=\"https:\/\/academy.asseco.pl\/en\/webinar\/ddos-jako-zaslona-dymna-wprowadzenie-do-ethical-hackingu\/\" class=\"o-link c-article c-article--webinar js-to-hover\">\n    \n    <div class=\"c-article__image  u-image-border-accent__item \" style=\"background-image: url(https:\/\/academy.asseco.pl\/wp-content\/uploads\/2025\/08\/back-anonymous-robot-hacker-concept-hacking-cybersecurity-cybercrime-cyberattack-etc-570x400.webp)\">\n      <img decoding=\"async\" class=\"c-article__image-elem\" src=\"https:\/\/academy.asseco.pl\/wp-content\/uploads\/2025\/08\/back-anonymous-robot-hacker-concept-hacking-cybersecurity-cybercrime-cyberattack-etc-570x400.webp\" alt=\"DDoS jako zas\u0142ona dymna &#8211; Wprowadzenie do Ethical Hackingu\"\/>\n    <\/div>\n    <div class=\"c-article__desc\">\n\n      <div class=\"c-article__content\">\n        <h3 class=\"c-heading c-heading--h3 c-article__title\">DDoS jako zas\u0142ona dymna &#8211; Wprowadzenie do Ethical Hackingu<\/h3>\n        <p class=\"c-article__excerpt u-text--smaller\">Chcesz zobaczy\u0107 atak DDoS \u201eod \u015brodka\u201d oczami hakera? Ten webinar to praktyczne wprowadzenie do jednego z najcz\u0119stszych zagro\u017ce\u0144 w \u015bwiecie cyfrowym. <span class=\"u-font-color--4\">Read more<\/span><\/p>              <\/div>\n    <\/div>\n  <\/a>\n                    \n    <\/div>\n      \n          <div class=\"c-post-list__item o-flex__item u-flex-1\/1 u-flex-1\/2@medium u-flex-1\/2@large \">\n    \n            \n                    <a href=\"https:\/\/academy.asseco.pl\/en\/webinar\/system-rag-jako-rozszerzenie-bazy-wiedzy-duzych-modeli-jezykowych\/\" class=\"o-link c-article c-article--webinar js-to-hover\">\n    \n    <div class=\"c-article__image  u-image-border-accent__item \" style=\"background-image: url(https:\/\/academy.asseco.pl\/wp-content\/uploads\/2025\/08\/abstract-digital-human-face-made-glowing-dots-representing-technology-ai-futuristic-concepts-with-vibrant-colors-570x400.webp)\">\n      <img decoding=\"async\" class=\"c-article__image-elem\" src=\"https:\/\/academy.asseco.pl\/wp-content\/uploads\/2025\/08\/abstract-digital-human-face-made-glowing-dots-representing-technology-ai-futuristic-concepts-with-vibrant-colors-570x400.webp\" alt=\"System RAG jako rozszerzenie bazy wiedzy du\u017cych modeli j\u0119zykowych\"\/>\n    <\/div>\n    <div class=\"c-article__desc\">\n\n      <div class=\"c-article__content\">\n        <h3 class=\"c-heading c-heading--h3 c-article__title\">System RAG jako rozszerzenie bazy wiedzy du\u017cych modeli j\u0119zykowych<\/h3>\n        <p class=\"c-article__excerpt u-text--smaller\">Stw\u00f3rz inteligentny system AI, kt\u00f3ry nie tylko odpowiada, ale tak\u017ce rozumie dane z RAG (Retrieval Augmented Generation).  <span class=\"u-font-color--4\">Read more<\/span><\/p>              <\/div>\n    <\/div>\n  <\/a>\n                    \n    <\/div>\n  \n      <\/div>\n    <\/div>\n      <\/div>\n<\/section>\n\n\n\n\n<section class=\"o-section js-postlist c-post-list  has-normal-font-size\"id=\"section_3\"\n>\n  <div class=\"c-loader  js-loader\">\n  <div class=\"lds-dual-ring\"><\/div>\n<\/div>\n    <div class=\"o-wrapper c-post-list__container o-flex o-flex--wrap\">\n                <h2 class=\"c-heading c-heading--h2 c-post-list__title u-flex-12\/12 u-text--center  \">ASSECO+ Online Meeting Series<\/h2>                <div class=\"c-post-list__content o-flex__item u-flex-12\/12\">\n\n      \n      <div class=\"o-flex o-flex--grids o-flex--grids-stretched u-image-border-accent  js-postlist-posts\">\n                \n                                \n                            \n        \n      \n          <div class=\"c-post-list__item o-flex__item u-flex-1\/1 u-flex-1\/2@medium u-flex-1\/1@large  c-post-list__item--title-auto \">\n    \n            \n                    <a href=\"https:\/\/academy.asseco.pl\/cykl-spotkan-asseco\/\" class=\"o-link c-tease c-tease--page\">\n      <div class=\"c-tease__image\" style=\"background-image: url(https:\/\/academy.asseco.pl\/wp-content\/uploads\/2023\/09\/program.svg)\">\n        <img decoding=\"async\" class=\"c-tease__image-elem\" src=\"https:\/\/academy.asseco.pl\/wp-content\/uploads\/2023\/09\/program.svg\" alt=\"Cykl spotka\u0144 ASSECO+\"\/>\n    <\/div>\n    <div class=\"c-tease__desc\">\n        <div class=\"c-tease__content\">\n            <p class=\"c-heading c-heading--h4 c-tease__title u-margin-bottom-none\">Cykl spotka\u0144 ASSECO+<\/p>\n                                <\/div>\n    <\/div>\n  <\/a>\n                    \n    <\/div>\n  \n      <\/div>\n    <\/div>\n      <\/div>\n<\/section>\n\n\n\n\n<section class=\"o-section js-postlist c-post-list  has-normal-font-size\"id=\"section_4\"\n>\n  <div class=\"c-loader  js-loader\">\n  <div class=\"lds-dual-ring\"><\/div>\n<\/div>\n    <div class=\"o-wrapper c-post-list__container o-flex o-flex--wrap\">\n                <h2 class=\"c-heading c-heading--h2 c-post-list__title u-flex-12\/12 u-text--center  \">Watch webinar recordings<\/h2>                <div class=\"c-post-list__content o-flex__item u-flex-12\/12\">\n\n      \n      <div class=\"o-flex o-flex--grids o-flex--grids-stretched u-image-border-accent  js-postlist-posts\">\n                \n                                \n                            \n        \n      \n          <div class=\"c-post-list__item o-flex__item u-flex-1\/1 u-flex-1\/2@medium u-flex-1\/2@large \">\n    \n            \n                    <a href=\"https:\/\/academy.asseco.pl\/en\/webinar\/webinar-cyberbezpieczenstwo-na-czasie\/\" class=\"o-link c-article c-article--webinar js-to-hover\">\n    \n    <div class=\"c-article__image  u-image-border-accent__item \" style=\"background-image: url(https:\/\/academy.asseco.pl\/wp-content\/uploads\/2024\/06\/padlock-icon-within-complex-interface-cyber-security-network-lines-glowing-dots-symbolizing-data-protection-encryption-information-security-570x400.jpg)\">\n      <img decoding=\"async\" class=\"c-article__image-elem\" src=\"https:\/\/academy.asseco.pl\/wp-content\/uploads\/2024\/06\/padlock-icon-within-complex-interface-cyber-security-network-lines-glowing-dots-symbolizing-data-protection-encryption-information-security-570x400.jpg\" alt=\"Cyberbezpiecze\u0144stwo na czasie\"\/>\n    <\/div>\n    <div class=\"c-article__desc\">\n\n      <div class=\"c-article__content\">\n        <h3 class=\"c-heading c-heading--h3 c-article__title\">Cyberbezpiecze\u0144stwo na czasie<\/h3>\n        <p class=\"c-article__excerpt u-text--smaller\">Obecnie, w czasach sztucznej inteligencji, mamy znacznie wi\u0119cej wyzwa\u0144 zwi\u0105zanych z przeprowadzaniem atak\u00f3w cyberbezpiecze\u0144stwa na krytyczn\u0105 infrastruktur\u0119 biznesow\u0105. <span class=\"u-font-color--4\">Read more<\/span><\/p>              <\/div>\n    <\/div>\n  <\/a>\n                    \n    <\/div>\n      \n          <div class=\"c-post-list__item o-flex__item u-flex-1\/1 u-flex-1\/2@medium u-flex-1\/2@large \">\n    \n            \n                    <a href=\"https:\/\/academy.asseco.pl\/en\/webinar\/blyskawiczne-projektowanie-aplikacji-z-chatem-gpt-i-midjourney\/\" class=\"o-link c-article c-article--webinar js-to-hover\">\n    \n    <div class=\"c-article__image  u-image-border-accent__item \" style=\"background-image: url(https:\/\/academy.asseco.pl\/wp-content\/uploads\/2024\/05\/representations-user-experience-interface-design-1.svg)\">\n      <img decoding=\"async\" class=\"c-article__image-elem\" src=\"https:\/\/academy.asseco.pl\/wp-content\/uploads\/2024\/05\/representations-user-experience-interface-design-1.svg\" alt=\"B\u0142yskawiczne projektowanie aplikacji z Chatem GPT i Midjourney\"\/>\n    <\/div>\n    <div class=\"c-article__desc\">\n\n      <div class=\"c-article__content\">\n        <h3 class=\"c-heading c-heading--h3 c-article__title\">B\u0142yskawiczne projektowanie aplikacji z Chatem GPT i Midjourney<\/h3>\n        <p class=\"c-article__excerpt u-text--smaller\">B\u0142yskawiczne projektowanie aplikacji z Chatem GPT i Midjourney. Om\u00f3wimy jak proces tworzenia innowacyjnego rozwi\u0105zania wesprze\u0107 narz\u0119dziami AI <span class=\"u-font-color--4\">Read more<\/span><\/p>              <\/div>\n    <\/div>\n  <\/a>\n                    \n    <\/div>\n      \n          <div class=\"c-post-list__item o-flex__item u-flex-1\/1 u-flex-1\/2@medium u-flex-1\/2@large \">\n    \n            \n                    <a href=\"https:\/\/academy.asseco.pl\/en\/webinar\/wprowadzenie-do-copilot-for-security\/\" class=\"o-link c-article c-article--webinar js-to-hover\">\n    \n    <div class=\"c-article__image  u-image-border-accent__item \" style=\"background-image: url(https:\/\/academy.asseco.pl\/wp-content\/uploads\/2024\/05\/new-windows-logo-desktop-background-design-1-1.svg)\">\n      <img decoding=\"async\" class=\"c-article__image-elem\" src=\"https:\/\/academy.asseco.pl\/wp-content\/uploads\/2024\/05\/new-windows-logo-desktop-background-design-1-1.svg\" alt=\"Wprowadzenie do Copilot for Security\"\/>\n    <\/div>\n    <div class=\"c-article__desc\">\n\n      <div class=\"c-article__content\">\n        <h3 class=\"c-heading c-heading--h3 c-article__title\">Wprowadzenie do Copilot for Security<\/h3>\n        <p class=\"c-article__excerpt u-text--smaller\">Microsoft 365 Copilot to narz\u0119dzie, kt\u00f3re rewolucjonizuje prac\u0119 i pozwala skupi\u0107 si\u0119 na kreatywno\u015bci oraz innowacjach. Dzi\u0119ki sztucznej inteligencji u\u017cytkownicy mog\u0105 osi\u0105gn\u0105\u0107 nowy poziom produktywno\u015bci. <span class=\"u-font-color--4\">Read more<\/span><\/p>              <\/div>\n    <\/div>\n  <\/a>\n                    \n    <\/div>\n      \n          <div class=\"c-post-list__item o-flex__item u-flex-1\/1 u-flex-1\/2@medium u-flex-1\/2@large \">\n    \n            \n                    <a href=\"https:\/\/academy.asseco.pl\/en\/webinar\/wprowadzenie-do-microsoft-copilot-dla-m365\/\" class=\"o-link c-article c-article--webinar js-to-hover\">\n    \n    <div class=\"c-article__image  u-image-border-accent__item \" style=\"background-image: url(https:\/\/academy.asseco.pl\/wp-content\/uploads\/2025\/02\/308e3f28-5546-4542-8448-1d6671c6e89e-570x400.webp)\">\n      <img decoding=\"async\" class=\"c-article__image-elem\" src=\"https:\/\/academy.asseco.pl\/wp-content\/uploads\/2025\/02\/308e3f28-5546-4542-8448-1d6671c6e89e-570x400.webp\" alt=\"Wprowadzenie do Microsoft Copilot dla M365\"\/>\n    <\/div>\n    <div class=\"c-article__desc\">\n\n      <div class=\"c-article__content\">\n        <h3 class=\"c-heading c-heading--h3 c-article__title\">Wprowadzenie do Microsoft Copilot dla M365<\/h3>\n        <p class=\"c-article__excerpt u-text--smaller\">Microsoft 365 Copilot to narz\u0119dzie, kt\u00f3re rewolucjonizuje prac\u0119 i pozwala skupi\u0107 si\u0119 na kreatywno\u015bci oraz innowacjach. Dzi\u0119ki sztucznej inteligencji u\u017cytkownicy mog\u0105 osi\u0105gn\u0105\u0107 nowy poziom produktywno\u015bci. <span class=\"u-font-color--4\">Read more<\/span><\/p>              <\/div>\n    <\/div>\n  <\/a>\n                    \n    <\/div>\n      \n          <div class=\"c-post-list__item o-flex__item u-flex-1\/1 u-flex-1\/2@medium u-flex-1\/2@large \">\n    \n            \n                    <a href=\"https:\/\/academy.asseco.pl\/en\/webinar\/jak-rozwijac-kompetencje-devops\/\" class=\"o-link c-article c-article--webinar js-to-hover\">\n    \n    <div class=\"c-article__image  u-image-border-accent__item \" style=\"background-image: url(https:\/\/academy.asseco.pl\/wp-content\/uploads\/2024\/04\/business-people-colleagues-discuss-business-looking-laptop-modern-workspace-colleagues-work-together-office-1.svg)\">\n      <img decoding=\"async\" class=\"c-article__image-elem\" src=\"https:\/\/academy.asseco.pl\/wp-content\/uploads\/2024\/04\/business-people-colleagues-discuss-business-looking-laptop-modern-workspace-colleagues-work-together-office-1.svg\" alt=\"Jak rozwija\u0107 kompetencje Devops?\"\/>\n    <\/div>\n    <div class=\"c-article__desc\">\n\n      <div class=\"c-article__content\">\n        <h3 class=\"c-heading c-heading--h3 c-article__title\">Jak rozwija\u0107 kompetencje Devops?<\/h3>\n        <p class=\"c-article__excerpt u-text--smaller\">W trakcie webinaru om\u00f3wimy jakie aktualnie kompentencje DevOps Institute mo\u017cna rozwija\u0107 we wsp\u00f3\u0142pracy z PeopleCert. <span class=\"u-font-color--4\">Read more<\/span><\/p>              <\/div>\n    <\/div>\n  <\/a>\n                    \n    <\/div>\n      \n          <div class=\"c-post-list__item o-flex__item u-flex-1\/1 u-flex-1\/2@medium u-flex-1\/2@large \">\n    \n            \n                    <a href=\"https:\/\/academy.asseco.pl\/en\/webinar\/zwinnosc-w-skali-jak-zaczac-na-przykladzie-safe\/\" class=\"o-link c-article c-article--webinar js-to-hover\">\n    \n    <div class=\"c-article__image  u-image-border-accent__item \" style=\"background-image: url(https:\/\/academy.asseco.pl\/wp-content\/uploads\/2024\/04\/pexels-karolina-grabowska-4467687-570x400.jpg)\">\n      <img decoding=\"async\" class=\"c-article__image-elem\" src=\"https:\/\/academy.asseco.pl\/wp-content\/uploads\/2024\/04\/pexels-karolina-grabowska-4467687-570x400.jpg\" alt=\"Zwinno\u015b\u0107 w skali \u2013 jak zacz\u0105\u0107 na przyk\u0142adzie SAFe\u00ae\"\/>\n    <\/div>\n    <div class=\"c-article__desc\">\n\n      <div class=\"c-article__content\">\n        <h3 class=\"c-heading c-heading--h3 c-article__title\">Zwinno\u015b\u0107 w skali \u2013 jak zacz\u0105\u0107 na przyk\u0142adzie SAFe\u00ae<\/h3>\n        <p class=\"c-article__excerpt u-text--smaller\">SAFe (Scaled Agile Framework) to zaawansowany framework umo\u017cliwiaj\u0105cy efektywne skalowanie metod zwinnych w du\u017cych organizacjach. Dowiedz si\u0119 jak rozpocz\u0105\u0107 skalowa\u0107 zwinno\u015b\u0107 w oparciu o SAFe <span class=\"u-font-color--4\">Read more<\/span><\/p>              <\/div>\n    <\/div>\n  <\/a>\n                    \n    <\/div>\n  \n      <\/div>\n    <\/div>\n      <\/div>\n<\/section>\n\n\n<section class=\"o-section c-contact c-contact--small \"id=\"section_5\"\n>\n  <div class=\"o-wrapper c-contact__container-wrapper\">\n    <div class=\"c-contact__container  u-color--func-8 u-color-opacity-70 u-font--func-1 has-normal-font-size\" style=\"background-image: url('https:\/\/academy.asseco.pl\/wp-content\/uploads\/2020\/04\/majorel-consulting-agile-scaled-1-1170x480.jpeg')\">\n      <div class=\"c-contact__content\">\n                  <h2 class=\"c-heading c-heading--h2 c-contact__title u-margin-bottom-tiny \">Do You have any questions?<\/h2>                                  <div class=\"c-contact__desc u-text--strong\">\n    <p>Call us: tel. 801 30 30 30<\/p>\n \n<\/div> \n                                <div class=\"c-contact__buttons o-flex o-flex--wrap\">\n          <button class=\"c-button c-button--tertiary c-button--alternative c-contact__cta js-popup-trigger\" data-popup=\"write-us\">\n            Write us\n          <\/button>\n          <button class=\"c-button c-button--tertiary c-button--alternative c-contact__cta js-popup-trigger\" data-popup=\"call-back\">\n            Leave your phone number\n          <\/button>\n        <\/div>\n      <\/div>\n    <\/div>\n  <\/div>\n<\/section>\n","protected":false},"excerpt":{"rendered":"","protected":false},"author":1,"featured_media":0,"parent":0,"menu_order":59,"comment_status":"closed","ping_status":"closed","template":"","meta":{"_acf_changed":false,"inline_featured_image":false,"footnotes":""},"class_list":["post-1596117","page","type-page","status-publish","hentry"],"acf":[],"yoast_head":"<!-- This site is optimized with the Yoast SEO plugin v27.4 - https:\/\/yoast.com\/product\/yoast-seo-wordpress\/ -->\n<title>Webinars - Asseco Academy<\/title>\n<meta name=\"robots\" content=\"index, follow, max-snippet:-1, max-image-preview:large, max-video-preview:-1\" \/>\n<link rel=\"canonical\" href=\"https:\/\/academy.asseco.pl\/en\/webinars\/\" \/>\n<meta property=\"og:locale\" content=\"en_US\" \/>\n<meta property=\"og:type\" content=\"article\" \/>\n<meta property=\"og:title\" content=\"Webinars - Asseco Academy\" \/>\n<meta property=\"og:url\" content=\"https:\/\/academy.asseco.pl\/en\/webinars\/\" \/>\n<meta property=\"og:site_name\" content=\"Asseco Academy\" \/>\n<meta property=\"article:modified_time\" content=\"2025-08-20T07:55:19+00:00\" \/>\n<meta name=\"twitter:card\" content=\"summary_large_image\" \/>\n<script type=\"application\/ld+json\" class=\"yoast-schema-graph\">{\"@context\":\"https:\\\/\\\/schema.org\",\"@graph\":[{\"@type\":\"WebPage\",\"@id\":\"https:\\\/\\\/academy.asseco.pl\\\/en\\\/webinars\\\/\",\"url\":\"https:\\\/\\\/academy.asseco.pl\\\/en\\\/webinars\\\/\",\"name\":\"Webinars - Asseco Academy\",\"isPartOf\":{\"@id\":\"https:\\\/\\\/academy.asseco.pl\\\/en\\\/#website\"},\"datePublished\":\"2025-08-20T07:48:35+00:00\",\"dateModified\":\"2025-08-20T07:55:19+00:00\",\"breadcrumb\":{\"@id\":\"https:\\\/\\\/academy.asseco.pl\\\/en\\\/webinars\\\/#breadcrumb\"},\"inLanguage\":\"en-US\",\"potentialAction\":[{\"@type\":\"ReadAction\",\"target\":[\"https:\\\/\\\/academy.asseco.pl\\\/en\\\/webinars\\\/\"]}]},{\"@type\":\"BreadcrumbList\",\"@id\":\"https:\\\/\\\/academy.asseco.pl\\\/en\\\/webinars\\\/#breadcrumb\",\"itemListElement\":[{\"@type\":\"ListItem\",\"position\":1,\"name\":\"Asseco Academy\",\"item\":\"https:\\\/\\\/academy.asseco.pl\\\/en\\\/\"},{\"@type\":\"ListItem\",\"position\":2,\"name\":\"Webinars\"}]},{\"@type\":\"WebSite\",\"@id\":\"https:\\\/\\\/academy.asseco.pl\\\/en\\\/#website\",\"url\":\"https:\\\/\\\/academy.asseco.pl\\\/en\\\/\",\"name\":\"Asseco Academy\",\"description\":\"Asseco Academy\",\"publisher\":{\"@id\":\"https:\\\/\\\/academy.asseco.pl\\\/en\\\/#organization\"},\"potentialAction\":[{\"@type\":\"SearchAction\",\"target\":{\"@type\":\"EntryPoint\",\"urlTemplate\":\"https:\\\/\\\/academy.asseco.pl\\\/en\\\/?s={search_term_string}\"},\"query-input\":{\"@type\":\"PropertyValueSpecification\",\"valueRequired\":true,\"valueName\":\"search_term_string\"}}],\"inLanguage\":\"en-US\"},{\"@type\":\"Organization\",\"@id\":\"https:\\\/\\\/academy.asseco.pl\\\/en\\\/#organization\",\"name\":\"Asseco Academy\",\"url\":\"https:\\\/\\\/academy.asseco.pl\\\/en\\\/\",\"logo\":{\"@type\":\"ImageObject\",\"inLanguage\":\"en-US\",\"@id\":\"https:\\\/\\\/academy.asseco.pl\\\/en\\\/#\\\/schema\\\/logo\\\/image\\\/\",\"url\":\"https:\\\/\\\/academy.asseco.pl\\\/wp-content\\\/uploads\\\/2020\\\/04\\\/asseco_academy.png\",\"contentUrl\":\"https:\\\/\\\/academy.asseco.pl\\\/wp-content\\\/uploads\\\/2020\\\/04\\\/asseco_academy.png\",\"width\":197,\"height\":26,\"caption\":\"Asseco Academy\"},\"image\":{\"@id\":\"https:\\\/\\\/academy.asseco.pl\\\/en\\\/#\\\/schema\\\/logo\\\/image\\\/\"}}]}<\/script>\n<!-- \/ Yoast SEO plugin. -->","yoast_head_json":{"title":"Webinars - Asseco Academy","robots":{"index":"index","follow":"follow","max-snippet":"max-snippet:-1","max-image-preview":"max-image-preview:large","max-video-preview":"max-video-preview:-1"},"canonical":"https:\/\/academy.asseco.pl\/en\/webinars\/","og_locale":"en_US","og_type":"article","og_title":"Webinars - Asseco Academy","og_url":"https:\/\/academy.asseco.pl\/en\/webinars\/","og_site_name":"Asseco Academy","article_modified_time":"2025-08-20T07:55:19+00:00","twitter_card":"summary_large_image","schema":{"@context":"https:\/\/schema.org","@graph":[{"@type":"WebPage","@id":"https:\/\/academy.asseco.pl\/en\/webinars\/","url":"https:\/\/academy.asseco.pl\/en\/webinars\/","name":"Webinars - Asseco Academy","isPartOf":{"@id":"https:\/\/academy.asseco.pl\/en\/#website"},"datePublished":"2025-08-20T07:48:35+00:00","dateModified":"2025-08-20T07:55:19+00:00","breadcrumb":{"@id":"https:\/\/academy.asseco.pl\/en\/webinars\/#breadcrumb"},"inLanguage":"en-US","potentialAction":[{"@type":"ReadAction","target":["https:\/\/academy.asseco.pl\/en\/webinars\/"]}]},{"@type":"BreadcrumbList","@id":"https:\/\/academy.asseco.pl\/en\/webinars\/#breadcrumb","itemListElement":[{"@type":"ListItem","position":1,"name":"Asseco Academy","item":"https:\/\/academy.asseco.pl\/en\/"},{"@type":"ListItem","position":2,"name":"Webinars"}]},{"@type":"WebSite","@id":"https:\/\/academy.asseco.pl\/en\/#website","url":"https:\/\/academy.asseco.pl\/en\/","name":"Asseco Academy","description":"Asseco Academy","publisher":{"@id":"https:\/\/academy.asseco.pl\/en\/#organization"},"potentialAction":[{"@type":"SearchAction","target":{"@type":"EntryPoint","urlTemplate":"https:\/\/academy.asseco.pl\/en\/?s={search_term_string}"},"query-input":{"@type":"PropertyValueSpecification","valueRequired":true,"valueName":"search_term_string"}}],"inLanguage":"en-US"},{"@type":"Organization","@id":"https:\/\/academy.asseco.pl\/en\/#organization","name":"Asseco Academy","url":"https:\/\/academy.asseco.pl\/en\/","logo":{"@type":"ImageObject","inLanguage":"en-US","@id":"https:\/\/academy.asseco.pl\/en\/#\/schema\/logo\/image\/","url":"https:\/\/academy.asseco.pl\/wp-content\/uploads\/2020\/04\/asseco_academy.png","contentUrl":"https:\/\/academy.asseco.pl\/wp-content\/uploads\/2020\/04\/asseco_academy.png","width":197,"height":26,"caption":"Asseco Academy"},"image":{"@id":"https:\/\/academy.asseco.pl\/en\/#\/schema\/logo\/image\/"}}]}},"_links":{"self":[{"href":"https:\/\/academy.asseco.pl\/en\/wp-json\/wp\/v2\/pages\/1596117","targetHints":{"allow":["GET"]}}],"collection":[{"href":"https:\/\/academy.asseco.pl\/en\/wp-json\/wp\/v2\/pages"}],"about":[{"href":"https:\/\/academy.asseco.pl\/en\/wp-json\/wp\/v2\/types\/page"}],"author":[{"embeddable":true,"href":"https:\/\/academy.asseco.pl\/en\/wp-json\/wp\/v2\/users\/1"}],"replies":[{"embeddable":true,"href":"https:\/\/academy.asseco.pl\/en\/wp-json\/wp\/v2\/comments?post=1596117"}],"version-history":[{"count":0,"href":"https:\/\/academy.asseco.pl\/en\/wp-json\/wp\/v2\/pages\/1596117\/revisions"}],"wp:attachment":[{"href":"https:\/\/academy.asseco.pl\/en\/wp-json\/wp\/v2\/media?parent=1596117"}],"curies":[{"name":"wp","href":"https:\/\/api.w.org\/{rel}","templated":true}]}}