{"id":1596157,"date":"2025-08-20T11:31:43","date_gmt":"2025-08-20T09:31:43","guid":{"rendered":"https:\/\/academy.asseco.pl\/e-services-at-asseco-academy\/"},"modified":"2025-08-20T11:31:43","modified_gmt":"2025-08-20T09:31:43","slug":"e-services-at-asseco-academy","status":"publish","type":"page","link":"https:\/\/academy.asseco.pl\/en\/e-services-at-asseco-academy\/","title":{"rendered":"e-Services at Asseco Academy"},"content":{"rendered":"<section class=\"o-section c-hero c-hero--secondary c-hero--normal  u-color--main-1 u-font--func-1 u-color--extra-3 u-color-opacity-0 has-normal-font-size\" style=\"background-image: url('https:\/\/academy.asseco.pl\/wp-content\/uploads\/2024\/04\/business-woman-using-tablet-laptop-office-business-working-from-home-online-learning-marketing-freelance-studying-distance-education-concept-panoramic-banner-1-1.svg')\"id=\"section_1\"\n>\n  \n\n    <div class=\"o-wrapper c-hero__container\">\n          <div class=\"c-breadcrumbs__wrapper o-layout__itemo-flex o-flex--grids u-hidden@less-then-large\">\n    <div class=\"o-flex__item u-flex-12\/12\">\n        <div class=\"c-breadcrumbs\"><span><span><a href=\"https:\/\/academy.asseco.pl\/en\/\">Asseco Academy<\/a><\/span><\/span><\/div>\n    <\/div>\n<\/div>        <div class=\"c-hero__content \">\n\n            <h2 class=\"c-heading c-heading--h1 c-hero__title u-margin-bottom-tiny  u-font--func-1\"><span style=\"text-shadow: 5px 5px 10px #000000;\"> e-Us\u0142ugi<br \/>\r\nw Asseco Academy<\/span><\/h2>\n      <div class=\"c-hero__desc\">\n     \n<\/div>            \n      \n                <\/div>\n  <\/div>\n<\/section>\n\n\n<section class=\"o-section c-icons has-normal-font-size u-padding-top-none  u-padding-bottom-none \"id=\"section_2\"\n>\n  \n  <div class=\"o-wrapper c-icons__container \">\n\n            <h2 class=\"c-heading c-heading--h2 c-icons__title   u-font--sub-1\">Szkolenia z e-Podpisu i e-Dor\u0119cze\u0144 w Asseco Academy<\/h2>    <div class=\"c-icons__desc\">\n    <p style=\"text-align: center;\">Witaj na naszej stronie, gdzie skupiamy si\u0119 na demistyfikacji \u015bwiata elektronicznych us\u0142ug!<br \/>\nNasze kursy s\u0105 dedykowane zar\u00f3wno nowicjuszom, jak i do\u015bwiadczonym profesjonalistom, kt\u00f3rzy chc\u0105 pog\u0142\u0119bi\u0107 swoj\u0105 wiedz\u0119 w zakresie e-dor\u0119cze\u0144 oraz e-podpis\u00f3w. W dobie cyfryzacji, umiej\u0119tno\u015b\u0107 korzystania z tych narz\u0119dzi sta\u0142a si\u0119 kluczowa w wielu bran\u017cach, od prawniczej po finansow\u0105. Nasze szkolenia s\u0105 projektowane przez ekspert\u00f3w z bran\u017cy, aby dostarcza\u0107 praktycznej, aktualnej wiedzy, kt\u00f3ra pomo\u017ce Ci efektywnie i bezpiecznie korzysta\u0107 z mo\u017cliwo\u015bci, jakie oferuj\u0105 nowoczesne technologie.<\/p>\n<p style=\"text-align: center;\">Do\u0142\u0105cz do nas ju\u017c dzi\u015b i zacznij swoj\u0105 podr\u00f3\u017c ku pe\u0142nej cyfryzacji swojej profesjonalnej dzia\u0142alno\u015bci!<\/p>\n \n<\/div>        <div class=\"\">\n      <div class=\"c-icons__content  o-flex o-flex--grids o-flex--grids-stretched      \">\n              <\/div>\n    <\/div>\n      <\/div>\n<\/section>\n\n\n<section class=\"o-section c-simple  has-normal-font-size u-padding-bottom-none  \"id=\"section_3\"\n  >\n    <div class=\"o-wrapper \">\n    <div class=\"c-simple__container o-flex o-flex--grids o-flex--centered\">\n          <div class=\"c-simple__image o-flex__item    u-flex-6\/12@large   \">\n                                            <img decoding=\"async\" src=\"https:\/\/academy.asseco.pl\/wp-content\/uploads\/2024\/04\/businessman-using-smartphone-with-new-email-alert-communication-connection-messages-global-workplaces-through-email-marketing-digital-newsletters-1.svg\" alt=\"e-Dor\u0119czenia \" class=\" u-image--border-radius   u-image--box-shadow \"\/>\n                                    <\/div>\n          <div class=\"c-simple__content o-flex__item   u-flex-6\/12@large \">\n        <h2 class=\"c-heading c-heading--h2 c-simple__title  u-font--main-1\">e-Dor\u0119czenia <\/h2>                          <div class=\"c-simple__desc\">\n    <p><strong>E-dor\u0119cznia w teorii i w praktyce &#8211; szkolenie dla przedsi\u0119biorc\u00f3w i administracji publicznej <\/strong>to szkolenie stanowi\u0105ce dedykowany program skierowany <strong>zar\u00f3wno do przedsi\u0119biorc\u00f3w, jak i pracownik\u00f3w sektora administracji publicznej.<\/strong>\u00a0Celem tego kursu jest zapewnienie uczestnikom kompleksowej wiedzy na temat e-dor\u0119cze\u0144 oraz umo\u017cliwienie im zdobycia praktycznych umiej\u0119tno\u015bci w tym obszarze. Dzi\u0119ki temu szkoleniu uczestnicy b\u0119d\u0105 mogli pog\u0142\u0119bi\u0107 swoj\u0105 znajomo\u015b\u0107 proces\u00f3w zwi\u0105zanych z elektronicznym przesy\u0142aniem dokument\u00f3w oraz zdoby\u0107 konkretne umiej\u0119tno\u015bci niezb\u0119dne do efektywnego korzystania z system\u00f3w e-dor\u0119cze\u0144 w praktyce zawodowej.<\/p>\n \n<\/div>                              <\/div>\n    <\/div>\n  <\/div>\n<\/section>\n\n\n<section class=\"o-section c-simple c-simple--alternative has-normal-font-size u-padding-bottom-none  \"id=\"section_4\"\n  >\n    <div class=\"o-wrapper \">\n    <div class=\"c-simple__container o-flex o-flex--grids o-flex--centered\">\n          <div class=\"c-simple__image o-flex__item    u-flex-6\/12@large   \">\n                                            <img decoding=\"async\" src=\"https:\/\/academy.asseco.pl\/wp-content\/uploads\/2024\/04\/businessman-using-email-smartphone-with-notification-alerts-business-email-online-communication-digital-marketing-email-notifications-your-inbox-1.svg\" alt=\"O szkoleniu\" class=\" u-image--border-radius   u-image--box-shadow \"\/>\n                                    <\/div>\n          <div class=\"c-simple__content o-flex__item   u-flex-6\/12@large \">\n        <h2 class=\"c-heading c-heading--h2 c-simple__title  u-font--main-1\">O szkoleniu<\/h2>                          <div class=\"c-simple__desc\">\n    <p>Udzia\u0142 w szkoleniu pozwoli Ci na zdobycie pog\u0142\u0119bionej wiedzy na temat e-dor\u0119cze\u0144, w tym szczeg\u00f3\u0142owego poznania przepis\u00f3w ustawy o dor\u0119czeniach elektronicznych, zasad funkcjonowania krajowego systemu dor\u0119cze\u0144 oraz zagadnie\u0144 zwi\u0105zanych z ochron\u0105 danych osobowych w kontek\u015bcie e-dor\u0119cze\u0144. Nab\u0119dziesz\u00a0 praktyczne umiej\u0119tno\u015bci w zakresie dor\u0119czania pism w formie elektronicznej poprzez nauk\u0119 korzystania z platform e-dor\u0119cze\u0144, takich jak e-Dor\u0119czenia Certum by Asseco. Dodatkowo, zapoznasz si\u0119 z najnowszymi rozwi\u0105zaniami technologicznymi w obszarze e-dor\u0119cze\u0144, w tym nowymi platformami i narz\u0119dziami do dor\u0119czania pism elektronicznych oraz nauk\u0105 ich wykorzystania w codziennej pracy.<\/p>\n \n<\/div>                              <\/div>\n    <\/div>\n  <\/div>\n<\/section>\n\n\n<section class=\"o-section c-simple  has-normal-font-size u-padding-bottom-none  \"id=\"section_5\"\n  >\n    <div class=\"o-wrapper \">\n    <div class=\"c-simple__container o-flex o-flex--grids o-flex--centered\">\n          <div class=\"c-simple__image o-flex__item    u-flex-6\/12@large   \">\n                                            <img decoding=\"async\" src=\"https:\/\/academy.asseco.pl\/wp-content\/uploads\/2024\/04\/closeup-person-working-using-tablet-smartphone-1.svg\" alt=\"e-Podpis\" class=\" u-image--border-radius   u-image--box-shadow \"\/>\n                                    <\/div>\n          <div class=\"c-simple__content o-flex__item   u-flex-6\/12@large \">\n        <h2 class=\"c-heading c-heading--h2 c-simple__title  u-font--func-9\">e-Podpis<\/h2>                          <div class=\"c-simple__desc\">\n    <p>Podczas szkolenia stawiamy sobie za cel zapoznanie uczestnik\u00f3w z <strong>obowi\u0105zuj\u0105cymi przepisami dotycz\u0105cymi u\u017cywania kwalifikowanych podpis\u00f3w elektronicznych oraz z konsekwencjami prawno-organizacyjnymi stosowania r\u00f3\u017cnych rodzaj\u00f3w podpis\u00f3w.<\/strong><\/p>\n<p>W praktyczny spos\u00f3b uczestnicy b\u0119d\u0105 mieli okazj\u0119 \u0107wiczy\u0107 proces podpisywania dokument\u00f3w oraz sprawdzania, czy z\u0142o\u017cony podpis elektroniczny jest prawid\u0142owy i zgodny z wymaganiami prawnymi.<\/p>\n \n<\/div>                              <\/div>\n    <\/div>\n  <\/div>\n<\/section>\n\n\n<section class=\"o-section c-simple c-simple--alternative has-normal-font-size u-padding-bottom-none  \"id=\"section_6\"\n  >\n    <div class=\"o-wrapper \">\n    <div class=\"c-simple__container o-flex o-flex--grids o-flex--centered\">\n          <div class=\"c-simple__image o-flex__item    u-flex-6\/12@large   \">\n                                            <img decoding=\"async\" src=\"https:\/\/academy.asseco.pl\/wp-content\/uploads\/2024\/04\/blonde-young-woman-touching-digital-tablet-screen-with-finger-1.svg\" alt=\"O szkoleniu\" class=\" u-image--border-radius   u-image--box-shadow \"\/>\n                                    <\/div>\n          <div class=\"c-simple__content o-flex__item   u-flex-6\/12@large \">\n        <h2 class=\"c-heading c-heading--h2 c-simple__title  u-font--func-9\">O szkoleniu<\/h2>                          <div class=\"c-simple__desc\">\n    <p><strong>Szkolenie z podpis\u00f3w elektronicznych \u2013 zrozum i zastosuj!<br \/>\n<\/strong>Celem naszego szkolenia jest kompleksowe przybli\u017cenie uczestnikom prawnych aspekt\u00f3w stosowania podpis\u00f3w elektronicznych. Uczestnicy zdob\u0119d\u0105 wiedz\u0119 na temat obowi\u0105zuj\u0105cych wymog\u00f3w prawnych oraz skutk\u00f3w prawnych wynikaj\u0105cych z r\u00f3\u017cnych rodzaj\u00f3w podpis\u00f3w elektronicznych. Nasze praktyczne podej\u015bcie pozwoli ka\u017cdemu kursantowi na nauk\u0119 poprawnego podpisywania dokument\u00f3w oraz weryfikacji ich autentyczno\u015bci.<\/p>\n \n<\/div>                              <\/div>\n    <\/div>\n  <\/div>\n<\/section>\n\n\n\n\n<section class=\"o-section js-postlist c-post-list  has-normal-font-size u-padding-top-none \"id=\"section_7\"\n>\n  <div class=\"c-loader  js-loader\">\n  <div class=\"lds-dual-ring\"><\/div>\n<\/div>\n    <div class=\"o-wrapper c-post-list__container o-flex o-flex--wrap\">\n                <div class=\"c-post-list__content o-flex__item u-flex-12\/12\">\n\n      \n      <div class=\"o-flex o-flex--grids o-flex--grids-stretched   js-postlist-posts\">\n                \n                    \n                        \n                                                  \n            \n                              \n        \n      \n          <div class=\"c-post-list__item o-flex__item u-flex-1\/1 u-flex-1\/2@medium u-flex-1\/2@large \">\n    \n            \n                    <div class=\"o-link c-tease c-tease--training\">\n      <div class=\"c-tease__desc o-flex o-flex--column o-flex--space-between\">\n      <div class=\"\">\n            <div class=\"c-tease__top o-flex o-flex--lock-left\">\n    <span class=\"c-tag\">Training<\/span>\n    <span class=\"c-tease__ID\">E-dor\u0119czenia_Z<\/span>\n  <\/div>\n\n          \n<div class=\"c-tease__content c-tease__content--small u-margin-top-big u-margin-bottom-large\">\n  <p class=\"c-heading c-heading--h5 c-tease__title   c-tease__title--small u-margin-top-none \">\n    E-dor\u0119czenia w teorii i w praktyce &#8211; szkolenie dla przedsi\u0119biorc\u00f3w i administracji publicznej\n  <\/p>\n<\/div>\n        \n<div class=\"c-tease__options u-padding-bottom u-text--left post-list   alignfull\">\n                <p class=\"u-margin-bottom-micro\">\n      <strong class=\"u-margin-right-micro\">\n        Training form:\n      <\/strong>\n                    zdalna                  <\/p>\n    <p class=\"u-margin-top-micro u-margin-bottom-none\">\n      <strong class=\"u-margin-right-micro\">Language:<\/strong>\n                    polski                <\/p>\n            \n  <\/div>\n      <\/div>\n      <div class=\"\">\n        <div class=\"c-tease__options u-text--left\">\n            \n\n  <div class=\"o-flex o-flex--centered-h u-margin-vertical-small\">\n\n            <div class=\"\" style=\"align-items: baseline;\">\n      <strong class=\"u-margin-right-tiny\">Price from <\/strong><strong class=\"u-text--bigger\"><span class=\"js-price-value\">PLN\u00a0350<\/span> <sup class=\"u-text--regular u-text--xsmallest\">net<\/sup><\/strong>\n    <\/div>\n  \n \n  <\/div>\n        <\/div>\n\t\n\n  <div class=\"u-text--center u-margin-horizontal-big\">\n    <a class=\"c-button c-button--primary c-button--full\" href=\"https:\/\/academy.asseco.pl\/en\/training\/e-doreczenia-w-teorii-i-w-praktyce-szkolenie-dla-przedsiebiorcow-i-administracji-publicznej\/\">Show more<\/a>\n  <\/div>\n      <\/div>\n    <\/div>\n  <\/div>\n                    \n    <\/div>\n      \n          <div class=\"c-post-list__item o-flex__item u-flex-1\/1 u-flex-1\/2@medium u-flex-1\/2@large \">\n    \n            \n                    <div class=\"o-link c-tease c-tease--training\">\n      <div class=\"c-tease__desc o-flex o-flex--column o-flex--space-between\">\n      <div class=\"\">\n            <div class=\"c-tease__top o-flex o-flex--lock-left\">\n    <span class=\"c-tag\">Training<\/span>\n    <span class=\"c-tease__ID\">UNI_podpis_Z<\/span>\n  <\/div>\n\n          \n<div class=\"c-tease__content c-tease__content--small u-margin-top-big u-margin-bottom-large\">\n  <p class=\"c-heading c-heading--h5 c-tease__title   c-tease__title--small u-margin-top-none \">\n    Kwalifikowany podpis elektroniczny\n  <\/p>\n<\/div>\n        \n<div class=\"c-tease__options u-padding-bottom u-text--left post-list   alignfull\">\n                <p class=\"u-margin-bottom-micro\">\n      <strong class=\"u-margin-right-micro\">\n        Training form:\n      <\/strong>\n                    zdalna                  <\/p>\n    <p class=\"u-margin-top-micro u-margin-bottom-none\">\n      <strong class=\"u-margin-right-micro\">Language:<\/strong>\n                    polski                <\/p>\n            \n  <\/div>\n      <\/div>\n      <div class=\"\">\n        <div class=\"c-tease__options u-text--left\">\n            \n\n  <div class=\"o-flex o-flex--centered-h u-margin-vertical-small\">\n\n            <div class=\"\" style=\"align-items: baseline;\">\n      <strong class=\"u-margin-right-tiny\">Price from <\/strong><strong class=\"u-text--bigger\"><span class=\"js-price-value\">PLN\u00a0570<\/span> <sup class=\"u-text--regular u-text--xsmallest\">net<\/sup><\/strong>\n    <\/div>\n  \n \n  <\/div>\n        <\/div>\n\t\n\n  <div class=\"u-text--center u-margin-horizontal-big\">\n    <a class=\"c-button c-button--primary c-button--full\" href=\"https:\/\/academy.asseco.pl\/en\/training\/kwalifikowany-podpis-elektroniczny\/\">Show more<\/a>\n  <\/div>\n      <\/div>\n    <\/div>\n  <\/div>\n                    \n    <\/div>\n  \n      <\/div>\n    <\/div>\n      <\/div>\n<\/section>\n\n\n<section class=\"o-section c-contact c-contact--small \"id=\"section_8\"\n>\n  <div class=\"o-wrapper c-contact__container-wrapper\">\n    <div class=\"c-contact__container  u-color--func-8 u-color-opacity-35 u-font--func-1 has-normal-font-size\" style=\"background-image: url('https:\/\/academy.asseco.pl\/wp-content\/uploads\/2024\/03\/side-view-man-using-smartphone-1170x480.jpg')\">\n      <div class=\"c-contact__content\">\n                  <h2 class=\"c-heading c-heading--h2 c-contact__title u-margin-bottom-tiny \">Chcesz z nami porozmawia\u0107?<br \/>\r\n<\/h2>                                  <div class=\"c-contact__desc u-text--strong\">\n    <p>Zadzwo\u0144 do nas: tel. 801 30 30 30<\/p>\n \n<\/div> \n                                <div class=\"c-contact__buttons o-flex o-flex--wrap\">\n          <button class=\"c-button c-button--tertiary c-button--alternative c-contact__cta js-popup-trigger\" data-popup=\"write-us\">\n            Write us\n          <\/button>\n          <button class=\"c-button c-button--tertiary c-button--alternative c-contact__cta js-popup-trigger\" data-popup=\"call-back\">\n            Leave your phone number\n          <\/button>\n        <\/div>\n      <\/div>\n    <\/div>\n  <\/div>\n<\/section>\n","protected":false},"excerpt":{"rendered":"","protected":false},"author":174,"featured_media":1596158,"parent":0,"menu_order":53,"comment_status":"closed","ping_status":"closed","template":"","meta":{"_acf_changed":false,"inline_featured_image":false,"footnotes":""},"class_list":["post-1596157","page","type-page","status-publish","has-post-thumbnail","hentry"],"acf":[],"yoast_head":"<!-- This site is optimized with the Yoast SEO plugin v27.2 - https:\/\/yoast.com\/product\/yoast-seo-wordpress\/ -->\n<title>E-services at Asseco Academy | Asseco Academy<\/title>\n<meta name=\"description\" content=\"Electronic services at Asseco Academy| Asseco Academy online courses.\" \/>\n<meta name=\"robots\" content=\"index, follow, max-snippet:-1, max-image-preview:large, max-video-preview:-1\" \/>\n<link rel=\"canonical\" href=\"https:\/\/academy.asseco.pl\/en\/e-services-at-asseco-academy\/\" \/>\n<meta property=\"og:locale\" content=\"en_US\" \/>\n<meta property=\"og:type\" content=\"article\" \/>\n<meta property=\"og:title\" content=\"E-services at Asseco Academy | Asseco Academy\" \/>\n<meta property=\"og:description\" content=\"Electronic services at Asseco Academy| Asseco Academy online courses.\" \/>\n<meta property=\"og:url\" content=\"https:\/\/academy.asseco.pl\/en\/e-services-at-asseco-academy\/\" \/>\n<meta property=\"og:site_name\" content=\"Asseco Academy\" \/>\n<meta name=\"twitter:card\" content=\"summary_large_image\" \/>\n<script type=\"application\/ld+json\" class=\"yoast-schema-graph\">{\"@context\":\"https:\/\/schema.org\",\"@graph\":[{\"@type\":\"WebPage\",\"@id\":\"https:\/\/academy.asseco.pl\/en\/e-services-at-asseco-academy\/\",\"url\":\"https:\/\/academy.asseco.pl\/en\/e-services-at-asseco-academy\/\",\"name\":\"E-services at Asseco Academy | Asseco Academy\",\"isPartOf\":{\"@id\":\"https:\/\/academy.asseco.pl\/en\/#website\"},\"primaryImageOfPage\":{\"@id\":\"https:\/\/academy.asseco.pl\/en\/e-services-at-asseco-academy\/#primaryimage\"},\"image\":{\"@id\":\"https:\/\/academy.asseco.pl\/en\/e-services-at-asseco-academy\/#primaryimage\"},\"thumbnailUrl\":\"https:\/\/academy.asseco.pl\/wp-content\/uploads\/2024\/04\/55897-1.svg\",\"datePublished\":\"2025-08-20T09:31:43+00:00\",\"description\":\"Electronic services at Asseco Academy| Asseco Academy online courses.\",\"breadcrumb\":{\"@id\":\"https:\/\/academy.asseco.pl\/en\/e-services-at-asseco-academy\/#breadcrumb\"},\"inLanguage\":\"en-US\",\"potentialAction\":[{\"@type\":\"ReadAction\",\"target\":[\"https:\/\/academy.asseco.pl\/en\/e-services-at-asseco-academy\/\"]}]},{\"@type\":\"ImageObject\",\"inLanguage\":\"en-US\",\"@id\":\"https:\/\/academy.asseco.pl\/en\/e-services-at-asseco-academy\/#primaryimage\",\"url\":\"https:\/\/academy.asseco.pl\/wp-content\/uploads\/2024\/04\/55897-1.svg\",\"contentUrl\":\"https:\/\/academy.asseco.pl\/wp-content\/uploads\/2024\/04\/55897-1.svg\",\"width\":1200,\"height\":569},{\"@type\":\"BreadcrumbList\",\"@id\":\"https:\/\/academy.asseco.pl\/en\/e-services-at-asseco-academy\/#breadcrumb\",\"itemListElement\":[{\"@type\":\"ListItem\",\"position\":1,\"name\":\"Asseco Academy\",\"item\":\"https:\/\/academy.asseco.pl\/en\/\"},{\"@type\":\"ListItem\",\"position\":2,\"name\":\"e-Services at Asseco Academy\"}]},{\"@type\":\"WebSite\",\"@id\":\"https:\/\/academy.asseco.pl\/en\/#website\",\"url\":\"https:\/\/academy.asseco.pl\/en\/\",\"name\":\"Asseco Academy\",\"description\":\"Asseco Academy\",\"publisher\":{\"@id\":\"https:\/\/academy.asseco.pl\/en\/#organization\"},\"potentialAction\":[{\"@type\":\"SearchAction\",\"target\":{\"@type\":\"EntryPoint\",\"urlTemplate\":\"https:\/\/academy.asseco.pl\/en\/?s={search_term_string}\"},\"query-input\":{\"@type\":\"PropertyValueSpecification\",\"valueRequired\":true,\"valueName\":\"search_term_string\"}}],\"inLanguage\":\"en-US\"},{\"@type\":\"Organization\",\"@id\":\"https:\/\/academy.asseco.pl\/en\/#organization\",\"name\":\"Asseco Academy\",\"url\":\"https:\/\/academy.asseco.pl\/en\/\",\"logo\":{\"@type\":\"ImageObject\",\"inLanguage\":\"en-US\",\"@id\":\"https:\/\/academy.asseco.pl\/en\/#\/schema\/logo\/image\/\",\"url\":\"https:\/\/academy.asseco.pl\/wp-content\/uploads\/2020\/04\/asseco_academy.png\",\"contentUrl\":\"https:\/\/academy.asseco.pl\/wp-content\/uploads\/2020\/04\/asseco_academy.png\",\"width\":197,\"height\":26,\"caption\":\"Asseco Academy\"},\"image\":{\"@id\":\"https:\/\/academy.asseco.pl\/en\/#\/schema\/logo\/image\/\"}}]}<\/script>\n<!-- \/ Yoast SEO plugin. -->","yoast_head_json":{"title":"E-services at Asseco Academy | Asseco Academy","description":"Electronic services at Asseco Academy| Asseco Academy online courses.","robots":{"index":"index","follow":"follow","max-snippet":"max-snippet:-1","max-image-preview":"max-image-preview:large","max-video-preview":"max-video-preview:-1"},"canonical":"https:\/\/academy.asseco.pl\/en\/e-services-at-asseco-academy\/","og_locale":"en_US","og_type":"article","og_title":"E-services at Asseco Academy | Asseco Academy","og_description":"Electronic services at Asseco Academy| Asseco Academy online courses.","og_url":"https:\/\/academy.asseco.pl\/en\/e-services-at-asseco-academy\/","og_site_name":"Asseco Academy","twitter_card":"summary_large_image","schema":{"@context":"https:\/\/schema.org","@graph":[{"@type":"WebPage","@id":"https:\/\/academy.asseco.pl\/en\/e-services-at-asseco-academy\/","url":"https:\/\/academy.asseco.pl\/en\/e-services-at-asseco-academy\/","name":"E-services at Asseco Academy | Asseco Academy","isPartOf":{"@id":"https:\/\/academy.asseco.pl\/en\/#website"},"primaryImageOfPage":{"@id":"https:\/\/academy.asseco.pl\/en\/e-services-at-asseco-academy\/#primaryimage"},"image":{"@id":"https:\/\/academy.asseco.pl\/en\/e-services-at-asseco-academy\/#primaryimage"},"thumbnailUrl":"https:\/\/academy.asseco.pl\/wp-content\/uploads\/2024\/04\/55897-1.svg","datePublished":"2025-08-20T09:31:43+00:00","description":"Electronic services at Asseco Academy| Asseco Academy online courses.","breadcrumb":{"@id":"https:\/\/academy.asseco.pl\/en\/e-services-at-asseco-academy\/#breadcrumb"},"inLanguage":"en-US","potentialAction":[{"@type":"ReadAction","target":["https:\/\/academy.asseco.pl\/en\/e-services-at-asseco-academy\/"]}]},{"@type":"ImageObject","inLanguage":"en-US","@id":"https:\/\/academy.asseco.pl\/en\/e-services-at-asseco-academy\/#primaryimage","url":"https:\/\/academy.asseco.pl\/wp-content\/uploads\/2024\/04\/55897-1.svg","contentUrl":"https:\/\/academy.asseco.pl\/wp-content\/uploads\/2024\/04\/55897-1.svg","width":1200,"height":569},{"@type":"BreadcrumbList","@id":"https:\/\/academy.asseco.pl\/en\/e-services-at-asseco-academy\/#breadcrumb","itemListElement":[{"@type":"ListItem","position":1,"name":"Asseco Academy","item":"https:\/\/academy.asseco.pl\/en\/"},{"@type":"ListItem","position":2,"name":"e-Services at Asseco Academy"}]},{"@type":"WebSite","@id":"https:\/\/academy.asseco.pl\/en\/#website","url":"https:\/\/academy.asseco.pl\/en\/","name":"Asseco Academy","description":"Asseco Academy","publisher":{"@id":"https:\/\/academy.asseco.pl\/en\/#organization"},"potentialAction":[{"@type":"SearchAction","target":{"@type":"EntryPoint","urlTemplate":"https:\/\/academy.asseco.pl\/en\/?s={search_term_string}"},"query-input":{"@type":"PropertyValueSpecification","valueRequired":true,"valueName":"search_term_string"}}],"inLanguage":"en-US"},{"@type":"Organization","@id":"https:\/\/academy.asseco.pl\/en\/#organization","name":"Asseco Academy","url":"https:\/\/academy.asseco.pl\/en\/","logo":{"@type":"ImageObject","inLanguage":"en-US","@id":"https:\/\/academy.asseco.pl\/en\/#\/schema\/logo\/image\/","url":"https:\/\/academy.asseco.pl\/wp-content\/uploads\/2020\/04\/asseco_academy.png","contentUrl":"https:\/\/academy.asseco.pl\/wp-content\/uploads\/2020\/04\/asseco_academy.png","width":197,"height":26,"caption":"Asseco Academy"},"image":{"@id":"https:\/\/academy.asseco.pl\/en\/#\/schema\/logo\/image\/"}}]}},"_links":{"self":[{"href":"https:\/\/academy.asseco.pl\/en\/wp-json\/wp\/v2\/pages\/1596157","targetHints":{"allow":["GET"]}}],"collection":[{"href":"https:\/\/academy.asseco.pl\/en\/wp-json\/wp\/v2\/pages"}],"about":[{"href":"https:\/\/academy.asseco.pl\/en\/wp-json\/wp\/v2\/types\/page"}],"author":[{"embeddable":true,"href":"https:\/\/academy.asseco.pl\/en\/wp-json\/wp\/v2\/users\/174"}],"replies":[{"embeddable":true,"href":"https:\/\/academy.asseco.pl\/en\/wp-json\/wp\/v2\/comments?post=1596157"}],"version-history":[{"count":0,"href":"https:\/\/academy.asseco.pl\/en\/wp-json\/wp\/v2\/pages\/1596157\/revisions"}],"wp:featuredmedia":[{"embeddable":true,"href":"https:\/\/academy.asseco.pl\/en\/wp-json\/wp\/v2\/media\/1596158"}],"wp:attachment":[{"href":"https:\/\/academy.asseco.pl\/en\/wp-json\/wp\/v2\/media?parent=1596157"}],"curies":[{"name":"wp","href":"https:\/\/api.w.org\/{rel}","templated":true}]}}