{"id":1658860,"date":"2025-09-22T09:24:33","date_gmt":"2025-09-22T07:24:33","guid":{"rendered":"https:\/\/academy.asseco.pl\/?page_id=1658860"},"modified":"2025-09-22T09:30:25","modified_gmt":"2025-09-22T07:30:25","slug":"clause-contact-form","status":"publish","type":"page","link":"https:\/\/academy.asseco.pl\/en\/clause-contact-form\/","title":{"rendered":"Clause &#8211; contact form"},"content":{"rendered":"<section class=\"o-section c-hero c-hero--primary c-hero--small  u-color--main-1 u-font--func-1 has-normal-font-size\"id=\"section_1\"\n>\n  \n\n    <div class=\"o-wrapper c-hero__container\">\n          <div class=\"c-breadcrumbs__wrapper o-layout__itemo-flex o-flex--grids u-hidden@less-then-large\">\n    <div class=\"o-flex__item u-flex-12\/12\">\n        <div class=\"c-breadcrumbs\"><span><span><a href=\"https:\/\/academy.asseco.pl\/en\/\">Asseco Academy<\/a><\/span><\/span><\/div>\n    <\/div>\n<\/div>        <div class=\"c-hero__content \">\n\n            <h2 class=\"c-heading c-heading--h2 c-hero__title u-margin-bottom-tiny \">Information Clause for contact form<\/h2>\n      <div class=\"c-hero__desc\">\n     \n<\/div>            \n      \n                <\/div>\n  <\/div>\n<\/section>\n\n\n<section class=\"o-section c-faq has-normal-font-size\"id=\"section_2\"\n>\n    <div class=\"o-wrapper\">\n    <h2 class=\"c-heading c-heading--h2 c-icons__title u-margin-bottom-huge  u-font--main-1\">Clause for individuals who have filled out the contact form.<\/h2>    <div class=\"c-faq__content\">\n        <ul class=\"c-faq__list\">\n                  <li class=\"c-faq__list-item\">\n            <div class=\"c-faq__title js-faq-title\">EN &#8211; Information Clause &#8211; contact form<\/div>\n            <div class=\"c-faq__desc\"><p><strong>Administrator and Contact Details, DPO:<\/strong><br \/>The controller of your personal data is Asseco Data Systems S.A., with its registered office at ul. Jana z Kolna 11, 80-864 Gda\u0144sk (controller).<br \/>For matters related to personal data protection, please contact the Data Protection Officer of Asseco Data Systems S.A., ul. Narutowicza 136, 90-146 \u0141&oacute;d\u017a, e-mail: iod@assecods.pl, tel.: +48 782 800 381.<\/p>\n<p><strong>Purposes and Legal Basis of Processing<\/strong><br \/>Personal data will be processed for the purpose of:<\/p>\n<ul style=\"list-style-type: disc;\">\n<li>receiving, verifying, and handling the reported incident concerning irregularities related to the issued certificate &ndash; on the basis of the controller&rsquo;s legitimate legal interest, which is ensuring compliance with the CA\/B Forum standards requirements (Article 6(1)(f) of the GDPR).<\/li>\n<\/ul>\n<p><strong>Recipients of the Data:<\/strong><br \/>We may transfer your data to the following recipients: entities authorized under separate legal provisions, entities processing personal data on behalf of the controller to support its ongoing business activities (subcontractors, suppliers, including external system providers), provided that such entities process the data under a contract with the controller and exclusively in accordance with the controller&rsquo;s instructions.<\/p>\n<p><strong>Transfer Outside the European Economic Area (EEA):<\/strong><br \/>We do not plan to transfer your personal data outside the EEA.<\/p>\n<p><strong>Data Retention Period:<\/strong><br \/>Your personal data will be stored for the period necessary for the full handling of the submitted report, and thereafter for the period during which such reports may be subject to audit by authorized entities.<\/p>\n<p><strong>Rights Related to Processing:<\/strong><br \/>In connection with the processing of your personal data, you have the following rights:<\/p>\n<ul style=\"list-style-type: disc;\">\n<li>the right of access to personal data and rectification;<\/li>\n<li>the right to erasure of data under the conditions set out in Article 17 GDPR;<\/li>\n<li>the right to restriction of processing under the conditions set out in Article 18 GDPR;<\/li>\n<li>the right to data portability under the conditions set out in Article 20 GDPR;<\/li>\n<li>the right to object under the conditions set out in Article 21 GDPR.<\/li>\n<\/ul>\n<p>If you have doubts as to whether the processing of your personal data complies with legal requirements, you have the right to lodge a complaint with the President of the Personal Data Protection Office.<\/p>\n<p><strong>Information on the Requirement to Provide Data:<\/strong><br \/>Providing personal data is voluntary but necessary to process the report.<\/p>\n<p><strong>Information on Automated Decision-Making and Profiling:<\/strong><br \/>We inform you that we do not make any decisions that significantly affect your situation in an automated manner, including based on profiling.<\/p>\n<p style=\"font-size: 8pt;\">GDPR &ndash; General Data Protection Regulation:<br \/>Regulation (EU) 2016\/679 of the European Parliament and of the Council of 27 April 2016 on the protection of natural persons with regard to the processing of personal data and on the free movement of such data, repealing Directive 95\/46\/EC (General Data Protection Regulation) (OJ EU L 119, 2016, p. 1, as amended).<\/p>\n<\/div>\n          <\/li>\n                  <li class=\"c-faq__list-item\">\n            <div class=\"c-faq__title js-faq-title\">PL &#8211;  Klauzula Informacyjna &#8211; formularz kontaktowy<\/div>\n            <div class=\"c-faq__desc\"><p><strong>Administrator i dane kontaktowe, IOD:<\/strong><br \/>Administratorem Pani\/Pana Danych osobowych jest: Asseco Data Systems S.A.. z siedzib\u0105 ul. Jana z Kolna 11. 80-864 Gda\u0144sk, <br \/>(administrator). Kontakt w sprawach dotycz\u0105cych ochrony danych osobowych: Inspektor Ochrony Danych Asseco Data <br \/>Systems S.A. ul. Narutowicza 136, 90-146 \u0141&oacute;d\u017a, e-mail: iod@assecods.pl, tel.: +48 782 800 381<\/p>\n<p><strong>Cele i podstawa prawna przetwarzania<\/strong><br \/>Dane osobowe b\u0119d\u0105 przetwarzane w celu:<\/p>\n<ul style=\"list-style-type: disc;\">\n<li>przyj\u0119cia, weryfikacji i obs\u0142ugi zg\u0142oszonego naruszenia dotycz\u0105cego nieprawid\u0142owo\u015bci w zwi\u0105zku z wydanym certyfikatem &#8211; na podstawie uzasadnionego interesu prawnego administratora jakim jest zapewnienie zgodno\u015bci z wymogami standard&oacute;w CA\/B <br \/>Forum (art. 6 ust. 1 lit. f RODO)<\/li>\n<\/ul>\n<p><strong>Odbiorcy danych:<\/strong><br \/>Mo\u017cemy przekazywa\u0107 Pa\u0144stwa dane nast\u0119puj\u0105cym odbiorcom: podmiotom uprawnionym na podstawie odr\u0119bnych przepis&oacute;w prawa, podmiotom przetwarzaj\u0105cym dane osobowe na zlecenie administratora w celu wsparcia w jego bie\u017c\u0105cej dzia\u0142alno\u015bci <br \/>biznesowej (podwykonawcom, dostawcom, w tym dostawcom system&oacute;w zewn\u0119trznych), przy czym takie podmioty przetwarzaj\u0105 dane na podstawie umowy z administratorem i wy\u0142\u0105cznie zgodnie z poleceniami administratora.<\/p>\n<p><strong>Transfer poza Europejski Obszar Gospodarczy (EOG):<\/strong><br \/>Nie planujemy przekazywania Pa\u0144stwa danych osobowych poza obszar EOG.<\/p>\n<p><strong>Okres przechowywania danych:<\/strong><br \/>Pa\u0144stwa dane osobowe b\u0119d\u0105 przechowywane przez okres niezb\u0119dny do pe\u0142nej obs\u0142ugi przes\u0142anego zg\u0142oszenia a nast\u0119pnie przez okres w jakim zg\u0142oszenia te mog\u0105 by\u0107 poddane audytowaniu przez uprawnione podmioty.<\/p>\n<p><strong>Prawa przys\u0142uguj\u0105ce w zwi\u0105zku z przetwarzaniem:<\/strong><br \/>W zwi\u0105zku z przetwarzaniem przys\u0142uguj\u0105 Pa\u0144stwu nast\u0119puj\u0105ce prawa:<\/p>\n<ul style=\"list-style-type: disc;\">\n<li>prawo dost\u0119pu do danych osobowych i ich sprostowania;<\/li>\n<li>prawo usuni\u0119cia danych, w warunkach przewidzianych w art. 17 RODO;<\/li>\n<li>prawo ograniczenia przetwarzania, w warunkach przewidzianych w art. 18 RODO;<\/li>\n<li>prawo do przenoszenia danych, w warunkach przewidzianych w art. 20 RODO.<\/li>\n<li>Prawo do z\u0142o\u017cenia sprzeciwu, w warunkach przewidzianych w art. 21 RODO<\/li>\n<\/ul>\n<p>W przypadku w\u0105tpliwo\u015bci co do zgodno\u015bci przetwarzania Pa\u0144stwa danych osobowych z wymogami prawa, przys\u0142uguje Pa\u0144stwu prawo wniesienia skargi do Prezesa Urz\u0119du Ochrony Danych Osobowych.<\/p>\n<p><strong>Informacje o wymogu podania danych:<\/strong><br \/>Podanie danych osobowych jest dobrowolne, ale niezb\u0119dne do obs\u0142ugi zg\u0142oszenia.<\/p>\n<p><strong>Informacje o zautomatyzowanym podejmowanym decyzji i profilowaniu:<\/strong><br \/>Informujemy, \u017ce nie podejmujemy \u017cadnych decyzji maj\u0105cych istotny wp\u0142yw na Pani\/Pana sytuacj\u0119 w spos&oacute;b zautomatyzowany, w tym w oparciu o profilowanie.<\/p>\n<p style=\"font-size:8pt;\">RODO &#8211; Rozporz\u0105dzenie Parlamentu Europejskiego i Rady (UE) 2016\/679 z dnia 27 kwietnia 2016 r. w sprawie ochrony os&oacute;b fizycznych w zwi\u0105zku z przetwarzaniem danych osobowych i w sprawie swobodnego przep\u0142ywu takich danych oraz uchylenia dyrektywy 95\/46\/WE (og&oacute;lne rozporz\u0105dzenie o ochronie danych) (Dz. U. UE. L. z 2016 r. Nr 119, str. 1 z p&oacute;\u017an. zm.).<\/p>\n<\/div>\n          <\/li>\n                <\/ul>\n    <\/div>\n      <\/div>\n<\/section>\n\n\n<div class=\"u-flex-12\/12\"><div class=\"o-wrapper u-padding-horizontal-none\">\n<p><\/p>\n<\/div><\/div>","protected":false},"excerpt":{"rendered":"","protected":false},"author":22,"featured_media":0,"parent":0,"menu_order":9,"comment_status":"closed","ping_status":"closed","template":"","meta":{"_acf_changed":false,"inline_featured_image":false,"footnotes":""},"class_list":["post-1658860","page","type-page","status-publish","hentry"],"acf":[],"yoast_head":"<!-- This site is optimized with the Yoast SEO plugin v27.2 - https:\/\/yoast.com\/product\/yoast-seo-wordpress\/ -->\n<title>Clause - contact form - Asseco Academy<\/title>\n<meta name=\"robots\" content=\"index, follow, max-snippet:-1, max-image-preview:large, max-video-preview:-1\" \/>\n<link rel=\"canonical\" href=\"https:\/\/academy.asseco.pl\/en\/clause-contact-form\/\" \/>\n<meta property=\"og:locale\" content=\"en_US\" \/>\n<meta property=\"og:type\" content=\"article\" \/>\n<meta property=\"og:title\" content=\"Clause - contact form - Asseco Academy\" \/>\n<meta property=\"og:url\" content=\"https:\/\/academy.asseco.pl\/en\/clause-contact-form\/\" \/>\n<meta property=\"og:site_name\" content=\"Asseco Academy\" \/>\n<meta property=\"article:modified_time\" content=\"2025-09-22T07:30:25+00:00\" \/>\n<meta name=\"twitter:card\" content=\"summary_large_image\" \/>\n<script type=\"application\/ld+json\" class=\"yoast-schema-graph\">{\"@context\":\"https:\/\/schema.org\",\"@graph\":[{\"@type\":\"WebPage\",\"@id\":\"https:\/\/academy.asseco.pl\/en\/clause-contact-form\/\",\"url\":\"https:\/\/academy.asseco.pl\/en\/clause-contact-form\/\",\"name\":\"Clause - contact form - Asseco Academy\",\"isPartOf\":{\"@id\":\"https:\/\/academy.asseco.pl\/en\/#website\"},\"datePublished\":\"2025-09-22T07:24:33+00:00\",\"dateModified\":\"2025-09-22T07:30:25+00:00\",\"breadcrumb\":{\"@id\":\"https:\/\/academy.asseco.pl\/en\/clause-contact-form\/#breadcrumb\"},\"inLanguage\":\"en-US\",\"potentialAction\":[{\"@type\":\"ReadAction\",\"target\":[\"https:\/\/academy.asseco.pl\/en\/clause-contact-form\/\"]}]},{\"@type\":\"BreadcrumbList\",\"@id\":\"https:\/\/academy.asseco.pl\/en\/clause-contact-form\/#breadcrumb\",\"itemListElement\":[{\"@type\":\"ListItem\",\"position\":1,\"name\":\"Asseco Academy\",\"item\":\"https:\/\/academy.asseco.pl\/en\/\"},{\"@type\":\"ListItem\",\"position\":2,\"name\":\"Clause &#8211; contact form\"}]},{\"@type\":\"WebSite\",\"@id\":\"https:\/\/academy.asseco.pl\/en\/#website\",\"url\":\"https:\/\/academy.asseco.pl\/en\/\",\"name\":\"Asseco Academy\",\"description\":\"Asseco Academy\",\"publisher\":{\"@id\":\"https:\/\/academy.asseco.pl\/en\/#organization\"},\"potentialAction\":[{\"@type\":\"SearchAction\",\"target\":{\"@type\":\"EntryPoint\",\"urlTemplate\":\"https:\/\/academy.asseco.pl\/en\/?s={search_term_string}\"},\"query-input\":{\"@type\":\"PropertyValueSpecification\",\"valueRequired\":true,\"valueName\":\"search_term_string\"}}],\"inLanguage\":\"en-US\"},{\"@type\":\"Organization\",\"@id\":\"https:\/\/academy.asseco.pl\/en\/#organization\",\"name\":\"Asseco Academy\",\"url\":\"https:\/\/academy.asseco.pl\/en\/\",\"logo\":{\"@type\":\"ImageObject\",\"inLanguage\":\"en-US\",\"@id\":\"https:\/\/academy.asseco.pl\/en\/#\/schema\/logo\/image\/\",\"url\":\"https:\/\/academy.asseco.pl\/wp-content\/uploads\/2020\/04\/asseco_academy.png\",\"contentUrl\":\"https:\/\/academy.asseco.pl\/wp-content\/uploads\/2020\/04\/asseco_academy.png\",\"width\":197,\"height\":26,\"caption\":\"Asseco Academy\"},\"image\":{\"@id\":\"https:\/\/academy.asseco.pl\/en\/#\/schema\/logo\/image\/\"}}]}<\/script>\n<!-- \/ Yoast SEO plugin. -->","yoast_head_json":{"title":"Clause - contact form - Asseco Academy","robots":{"index":"index","follow":"follow","max-snippet":"max-snippet:-1","max-image-preview":"max-image-preview:large","max-video-preview":"max-video-preview:-1"},"canonical":"https:\/\/academy.asseco.pl\/en\/clause-contact-form\/","og_locale":"en_US","og_type":"article","og_title":"Clause - contact form - Asseco Academy","og_url":"https:\/\/academy.asseco.pl\/en\/clause-contact-form\/","og_site_name":"Asseco Academy","article_modified_time":"2025-09-22T07:30:25+00:00","twitter_card":"summary_large_image","schema":{"@context":"https:\/\/schema.org","@graph":[{"@type":"WebPage","@id":"https:\/\/academy.asseco.pl\/en\/clause-contact-form\/","url":"https:\/\/academy.asseco.pl\/en\/clause-contact-form\/","name":"Clause - contact form - Asseco Academy","isPartOf":{"@id":"https:\/\/academy.asseco.pl\/en\/#website"},"datePublished":"2025-09-22T07:24:33+00:00","dateModified":"2025-09-22T07:30:25+00:00","breadcrumb":{"@id":"https:\/\/academy.asseco.pl\/en\/clause-contact-form\/#breadcrumb"},"inLanguage":"en-US","potentialAction":[{"@type":"ReadAction","target":["https:\/\/academy.asseco.pl\/en\/clause-contact-form\/"]}]},{"@type":"BreadcrumbList","@id":"https:\/\/academy.asseco.pl\/en\/clause-contact-form\/#breadcrumb","itemListElement":[{"@type":"ListItem","position":1,"name":"Asseco Academy","item":"https:\/\/academy.asseco.pl\/en\/"},{"@type":"ListItem","position":2,"name":"Clause &#8211; contact form"}]},{"@type":"WebSite","@id":"https:\/\/academy.asseco.pl\/en\/#website","url":"https:\/\/academy.asseco.pl\/en\/","name":"Asseco Academy","description":"Asseco Academy","publisher":{"@id":"https:\/\/academy.asseco.pl\/en\/#organization"},"potentialAction":[{"@type":"SearchAction","target":{"@type":"EntryPoint","urlTemplate":"https:\/\/academy.asseco.pl\/en\/?s={search_term_string}"},"query-input":{"@type":"PropertyValueSpecification","valueRequired":true,"valueName":"search_term_string"}}],"inLanguage":"en-US"},{"@type":"Organization","@id":"https:\/\/academy.asseco.pl\/en\/#organization","name":"Asseco Academy","url":"https:\/\/academy.asseco.pl\/en\/","logo":{"@type":"ImageObject","inLanguage":"en-US","@id":"https:\/\/academy.asseco.pl\/en\/#\/schema\/logo\/image\/","url":"https:\/\/academy.asseco.pl\/wp-content\/uploads\/2020\/04\/asseco_academy.png","contentUrl":"https:\/\/academy.asseco.pl\/wp-content\/uploads\/2020\/04\/asseco_academy.png","width":197,"height":26,"caption":"Asseco Academy"},"image":{"@id":"https:\/\/academy.asseco.pl\/en\/#\/schema\/logo\/image\/"}}]}},"_links":{"self":[{"href":"https:\/\/academy.asseco.pl\/en\/wp-json\/wp\/v2\/pages\/1658860","targetHints":{"allow":["GET"]}}],"collection":[{"href":"https:\/\/academy.asseco.pl\/en\/wp-json\/wp\/v2\/pages"}],"about":[{"href":"https:\/\/academy.asseco.pl\/en\/wp-json\/wp\/v2\/types\/page"}],"author":[{"embeddable":true,"href":"https:\/\/academy.asseco.pl\/en\/wp-json\/wp\/v2\/users\/22"}],"replies":[{"embeddable":true,"href":"https:\/\/academy.asseco.pl\/en\/wp-json\/wp\/v2\/comments?post=1658860"}],"version-history":[{"count":0,"href":"https:\/\/academy.asseco.pl\/en\/wp-json\/wp\/v2\/pages\/1658860\/revisions"}],"wp:attachment":[{"href":"https:\/\/academy.asseco.pl\/en\/wp-json\/wp\/v2\/media?parent=1658860"}],"curies":[{"name":"wp","href":"https:\/\/api.w.org\/{rel}","templated":true}]}}