{"id":1903,"date":"2021-02-09T03:27:00","date_gmt":"2021-02-09T03:27:00","guid":{"rendered":"https:\/\/academy.asseco.pl\/?page_id=1903"},"modified":"2021-02-10T07:39:28","modified_gmt":"2021-02-10T07:39:28","slug":"szkolenie-stacjonarne","status":"publish","type":"page","link":"https:\/\/academy.asseco.pl\/en\/formy-szkolen-i-egzaminow\/szkolenie-stacjonarne\/","title":{"rendered":"Szkolenie stacjonarne"},"content":{"rendered":"<section class=\"o-section c-icons has-normal-font-size\"id=\"section_1\"\n>\n  \n  <div class=\"o-wrapper c-icons__container  c-icons--title-left \">\n\n            <h2 class=\"c-heading c-heading--h2 c-icons__title  \"><\/h2>    <div class=\"c-icons__desc\">\n    <p>Doskona\u0142e roziw\u0105zanie, je\u015bli chesz si\u0119 uczy\u0107, siedz\u0105c w jednej sali z trenerem i innymi uczestnikami. lorem ipsum dolor sit amet, consectetur adipiscing elit, sed do eiusmod tempor incididunt ut labore et dolore magna aliqua. Lorem ipsum dolor sit amet, consectetur adipiscing elit, sed do eiusmod tempor incididunt ut labore et dolore magna aliqua. Lorem ipsum dolor sit amet, consectetur adipiscing elit, sed do eiusmod tempor incididunt ut labore et dolore magna aliqua. Lorem ipsum dolor sit amet, consectetur adipiscing elit, sed do eiusmod tempor incididunt ut labore et dolore magna aliqua.<\/p>\n<h4><strong>Jaki standard szkole\u0144 stacjonarnych zapewniamy?<\/strong><\/h4>\n<p>Kilka s\u0142\u00f3w o jako\u015bci o\u015brodk\u00f3w. lorem ipsum dolor sit amet, consectetur adipiscing elit, sed do eiusmod tempor incididunt ut labore et dolore magna aliqua. Lorem ipsum dolor sit amet, consectetur adipiscing elit, sed do eiusmod tempor incididunt ut labore et dolore magna aliqua.<\/p>\n \n<\/div>        <div class=\"\">\n      <div class=\"c-icons__content  o-flex o-flex--grids o-flex--grids-stretched      \">\n                  \n\n            <div class=\"c-icons__item o-flex__item u-flex-1\/3@large   u-text--left   u-flex-self-top  \">\n              <div class=\"c-icons__item-box\">\n                                                                                                                          <img decoding=\"async\" class=\"c-icons__icon c-icons__icon--big \" src=\"https:\/\/academy.asseco.pl\/wp-content\/uploads\/2020\/08\/eksperci.svg\"  width=\"64\" height=\"64\" alt=\"\" loading=\"lazy\">\n                                                  <p class=\"c-icons__icon-title u-text--strong u-margin-top-large u-margin-horizontal-big u-margin-bottom-none     \">O\u015brodki szkoleniowe<\/p>\n                                                  <div class=\"c-icons__icon-desc u-margin-top-small  u-margin-left-none    u-font--func-7  \"><p>Kilka s\u0142\u00f3w o jako\u015bci o\u015brodk\u00f3w. lorem ipsum dolor sit amet, consectetur adipiscing elit, sed do eiusmod tempor incididunt ut labore et dolore magna aliqua. Lorem ipsum dolor sit amet, consectetur adipiscing elit, sed do eiusmod tempor incididunt ut labore et dolore magna aliqua. <\/p>\n<\/div>\n                                \n                              <\/div>\n            <\/div>\n                              \n\n            <div class=\"c-icons__item o-flex__item u-flex-1\/3@large   u-text--left   u-flex-self-top  \">\n              <div class=\"c-icons__item-box\">\n                                                                                                                          <img decoding=\"async\" class=\"c-icons__icon c-icons__icon--big \" src=\"https:\/\/academy.asseco.pl\/wp-content\/uploads\/2020\/08\/wygoda.svg\"  width=\"64\" height=\"64\" alt=\"\" loading=\"lazy\">\n                                                  <p class=\"c-icons__icon-title u-text--strong u-margin-top-large u-margin-horizontal-big u-margin-bottom-none     \">Sale szkoleniowe<\/p>\n                                                  <div class=\"c-icons__icon-desc u-margin-top-small  u-margin-left-none    u-font--func-7  \"><p>Kilka s\u0142\u00f3w o jako\u015bci o\u015brodk\u00f3w. lorem ipsum dolor sit amet, consectetur adipiscing elit, sed do eiusmod tempor incididunt ut labore et dolore magna aliqua. Lorem ipsum dolor sit amet, consectetur adipiscing elit, sed do eiusmod tempor incididunt ut labore et dolore magna aliqua. <\/p>\n<\/div>\n                                \n                              <\/div>\n            <\/div>\n                              \n\n            <div class=\"c-icons__item o-flex__item u-flex-1\/3@large   u-text--left   u-flex-self-top  \">\n              <div class=\"c-icons__item-box\">\n                                                                                                                          <img decoding=\"async\" class=\"c-icons__icon c-icons__icon--big \" src=\"https:\/\/academy.asseco.pl\/wp-content\/uploads\/2020\/08\/jakosc.svg\"  width=\"64\" height=\"64\" alt=\"\" loading=\"lazy\">\n                                                  <p class=\"c-icons__icon-title u-text--strong u-margin-top-large u-margin-horizontal-big u-margin-bottom-none     \">Sprz\u0119t<\/p>\n                                                  <div class=\"c-icons__icon-desc u-margin-top-small  u-margin-left-none    u-font--func-7  \"><p>Kilka s\u0142\u00f3w o jako\u015bci o\u015brodk\u00f3w. lorem ipsum dolor sit amet, consectetur adipiscing elit, sed do eiusmod tempor incididunt ut labore et dolore magna aliqua. Lorem ipsum dolor sit amet, consectetur adipiscing elit, sed do eiusmod tempor incididunt ut labore et dolore magna aliqua. <\/p>\n<\/div>\n                                \n                              <\/div>\n            <\/div>\n                          <\/div>\n    <\/div>\n      <\/div>\n<\/section>\n\n\n<section class=\"o-section c-contact c-contact--alternative \"id=\"section_2\"\n>\n  <div class=\"o-wrapper c-contact__container-wrapper\">\n    <div class=\"c-contact__container  has-normal-font-size\">\n              <div class=\"c-contact__image\">\n                              <img decoding=\"async\" src=\"https:\/\/academy.asseco.pl\/wp-content\/uploads\/2020\/05\/video-1-1170x480.png\" srcset=\"https:\/\/academy.asseco.pl\/wp-content\/uploads\/2020\/05\/video-1.png 1170w, https:\/\/academy.asseco.pl\/wp-content\/uploads\/2020\/05\/video-1-300x123.png 300w, https:\/\/academy.asseco.pl\/wp-content\/uploads\/2020\/05\/video-1-1024x420.png 1024w, https:\/\/academy.asseco.pl\/wp-content\/uploads\/2020\/05\/video-1-768x315.png 768w\" sizes=\"auto, (max-width: 1170px) 100vw, 1170px\"               width=\"1170\" height=\"480\"               alt=\"Chcesz, \u017ceby\u015bmy przeprowadzili \r\ndla Twojego \r\nzespo\u0142u szkolenie \r\nw innym miejscu?\"\n               loading=\"lazy\"\n               class=\"c-contact__image-img\">\n        <\/div>\n            <div class=\"c-contact__content\">\n                  <h2 class=\"c-heading c-heading--h2 c-contact__title u-margin-bottom-tiny \">Chcesz, \u017ceby\u015bmy przeprowadzili <br \/>\r\ndla Twojego <br \/>\r\nzespo\u0142u szkolenie <br \/>\r\nw innym miejscu?<\/h2>                                                <div class=\"c-contact__buttons o-flex o-flex--wrap\">\n          <button class=\"c-button c-button--tertiary c-button--alternative c-contact__cta js-popup-trigger\" data-popup=\"write-us\">\n            Write us\n          <\/button>\n          <button class=\"c-button c-button--tertiary c-button--alternative c-contact__cta js-popup-trigger\" data-popup=\"call-back\">\n            Leave your phone number\n          <\/button>\n        <\/div>\n      <\/div>\n    <\/div>\n  <\/div>\n<\/section>\n","protected":false},"excerpt":{"rendered":"","protected":false},"author":1,"featured_media":0,"parent":1579,"menu_order":132,"comment_status":"closed","ping_status":"closed","template":"","meta":{"_acf_changed":false,"inline_featured_image":false,"footnotes":""},"class_list":["post-1903","page","type-page","status-publish","hentry"],"acf":[],"yoast_head":"<!-- This site is optimized with the Yoast SEO plugin v27.2 - https:\/\/yoast.com\/product\/yoast-seo-wordpress\/ -->\n<title>Szkolenie stacjonarne - Asseco Academy<\/title>\n<meta name=\"robots\" content=\"index, follow, max-snippet:-1, max-image-preview:large, max-video-preview:-1\" \/>\n<link rel=\"canonical\" href=\"https:\/\/academy.asseco.pl\/en\/formy-szkolen-i-egzaminow\/szkolenie-stacjonarne\/\" \/>\n<meta property=\"og:locale\" content=\"en_US\" \/>\n<meta property=\"og:type\" content=\"article\" \/>\n<meta property=\"og:title\" content=\"Szkolenie stacjonarne - Asseco Academy\" \/>\n<meta property=\"og:url\" content=\"https:\/\/academy.asseco.pl\/en\/formy-szkolen-i-egzaminow\/szkolenie-stacjonarne\/\" \/>\n<meta property=\"og:site_name\" content=\"Asseco Academy\" \/>\n<meta property=\"article:modified_time\" content=\"2021-02-10T07:39:28+00:00\" \/>\n<meta name=\"twitter:card\" content=\"summary_large_image\" \/>\n<script type=\"application\/ld+json\" class=\"yoast-schema-graph\">{\"@context\":\"https:\/\/schema.org\",\"@graph\":[{\"@type\":\"WebPage\",\"@id\":\"https:\/\/academy.asseco.pl\/en\/formy-szkolen-i-egzaminow\/szkolenie-stacjonarne\/\",\"url\":\"https:\/\/academy.asseco.pl\/en\/formy-szkolen-i-egzaminow\/szkolenie-stacjonarne\/\",\"name\":\"Szkolenie stacjonarne - Asseco Academy\",\"isPartOf\":{\"@id\":\"https:\/\/academy.asseco.pl\/en\/#website\"},\"datePublished\":\"2021-02-09T03:27:00+00:00\",\"dateModified\":\"2021-02-10T07:39:28+00:00\",\"breadcrumb\":{\"@id\":\"https:\/\/academy.asseco.pl\/en\/formy-szkolen-i-egzaminow\/szkolenie-stacjonarne\/#breadcrumb\"},\"inLanguage\":\"en-US\",\"potentialAction\":[{\"@type\":\"ReadAction\",\"target\":[\"https:\/\/academy.asseco.pl\/en\/formy-szkolen-i-egzaminow\/szkolenie-stacjonarne\/\"]}]},{\"@type\":\"BreadcrumbList\",\"@id\":\"https:\/\/academy.asseco.pl\/en\/formy-szkolen-i-egzaminow\/szkolenie-stacjonarne\/#breadcrumb\",\"itemListElement\":[{\"@type\":\"ListItem\",\"position\":1,\"name\":\"Asseco Academy\",\"item\":\"https:\/\/academy.asseco.pl\/en\/\"},{\"@type\":\"ListItem\",\"position\":2,\"name\":\"Formy szkole\u0144 i egzamin\u00f3w\",\"item\":\"https:\/\/academy.asseco.pl\/en\/formy-szkolen-i-egzaminow\/\"},{\"@type\":\"ListItem\",\"position\":3,\"name\":\"Szkolenie stacjonarne\"}]},{\"@type\":\"WebSite\",\"@id\":\"https:\/\/academy.asseco.pl\/en\/#website\",\"url\":\"https:\/\/academy.asseco.pl\/en\/\",\"name\":\"Asseco Academy\",\"description\":\"Asseco Academy\",\"publisher\":{\"@id\":\"https:\/\/academy.asseco.pl\/en\/#organization\"},\"potentialAction\":[{\"@type\":\"SearchAction\",\"target\":{\"@type\":\"EntryPoint\",\"urlTemplate\":\"https:\/\/academy.asseco.pl\/en\/?s={search_term_string}\"},\"query-input\":{\"@type\":\"PropertyValueSpecification\",\"valueRequired\":true,\"valueName\":\"search_term_string\"}}],\"inLanguage\":\"en-US\"},{\"@type\":\"Organization\",\"@id\":\"https:\/\/academy.asseco.pl\/en\/#organization\",\"name\":\"Asseco Academy\",\"url\":\"https:\/\/academy.asseco.pl\/en\/\",\"logo\":{\"@type\":\"ImageObject\",\"inLanguage\":\"en-US\",\"@id\":\"https:\/\/academy.asseco.pl\/en\/#\/schema\/logo\/image\/\",\"url\":\"https:\/\/academy.asseco.pl\/wp-content\/uploads\/2020\/04\/asseco_academy.png\",\"contentUrl\":\"https:\/\/academy.asseco.pl\/wp-content\/uploads\/2020\/04\/asseco_academy.png\",\"width\":197,\"height\":26,\"caption\":\"Asseco Academy\"},\"image\":{\"@id\":\"https:\/\/academy.asseco.pl\/en\/#\/schema\/logo\/image\/\"}}]}<\/script>\n<!-- \/ Yoast SEO plugin. -->","yoast_head_json":{"title":"Szkolenie stacjonarne - Asseco Academy","robots":{"index":"index","follow":"follow","max-snippet":"max-snippet:-1","max-image-preview":"max-image-preview:large","max-video-preview":"max-video-preview:-1"},"canonical":"https:\/\/academy.asseco.pl\/en\/formy-szkolen-i-egzaminow\/szkolenie-stacjonarne\/","og_locale":"en_US","og_type":"article","og_title":"Szkolenie stacjonarne - Asseco Academy","og_url":"https:\/\/academy.asseco.pl\/en\/formy-szkolen-i-egzaminow\/szkolenie-stacjonarne\/","og_site_name":"Asseco Academy","article_modified_time":"2021-02-10T07:39:28+00:00","twitter_card":"summary_large_image","schema":{"@context":"https:\/\/schema.org","@graph":[{"@type":"WebPage","@id":"https:\/\/academy.asseco.pl\/en\/formy-szkolen-i-egzaminow\/szkolenie-stacjonarne\/","url":"https:\/\/academy.asseco.pl\/en\/formy-szkolen-i-egzaminow\/szkolenie-stacjonarne\/","name":"Szkolenie stacjonarne - Asseco Academy","isPartOf":{"@id":"https:\/\/academy.asseco.pl\/en\/#website"},"datePublished":"2021-02-09T03:27:00+00:00","dateModified":"2021-02-10T07:39:28+00:00","breadcrumb":{"@id":"https:\/\/academy.asseco.pl\/en\/formy-szkolen-i-egzaminow\/szkolenie-stacjonarne\/#breadcrumb"},"inLanguage":"en-US","potentialAction":[{"@type":"ReadAction","target":["https:\/\/academy.asseco.pl\/en\/formy-szkolen-i-egzaminow\/szkolenie-stacjonarne\/"]}]},{"@type":"BreadcrumbList","@id":"https:\/\/academy.asseco.pl\/en\/formy-szkolen-i-egzaminow\/szkolenie-stacjonarne\/#breadcrumb","itemListElement":[{"@type":"ListItem","position":1,"name":"Asseco Academy","item":"https:\/\/academy.asseco.pl\/en\/"},{"@type":"ListItem","position":2,"name":"Formy szkole\u0144 i egzamin\u00f3w","item":"https:\/\/academy.asseco.pl\/en\/formy-szkolen-i-egzaminow\/"},{"@type":"ListItem","position":3,"name":"Szkolenie stacjonarne"}]},{"@type":"WebSite","@id":"https:\/\/academy.asseco.pl\/en\/#website","url":"https:\/\/academy.asseco.pl\/en\/","name":"Asseco Academy","description":"Asseco Academy","publisher":{"@id":"https:\/\/academy.asseco.pl\/en\/#organization"},"potentialAction":[{"@type":"SearchAction","target":{"@type":"EntryPoint","urlTemplate":"https:\/\/academy.asseco.pl\/en\/?s={search_term_string}"},"query-input":{"@type":"PropertyValueSpecification","valueRequired":true,"valueName":"search_term_string"}}],"inLanguage":"en-US"},{"@type":"Organization","@id":"https:\/\/academy.asseco.pl\/en\/#organization","name":"Asseco Academy","url":"https:\/\/academy.asseco.pl\/en\/","logo":{"@type":"ImageObject","inLanguage":"en-US","@id":"https:\/\/academy.asseco.pl\/en\/#\/schema\/logo\/image\/","url":"https:\/\/academy.asseco.pl\/wp-content\/uploads\/2020\/04\/asseco_academy.png","contentUrl":"https:\/\/academy.asseco.pl\/wp-content\/uploads\/2020\/04\/asseco_academy.png","width":197,"height":26,"caption":"Asseco Academy"},"image":{"@id":"https:\/\/academy.asseco.pl\/en\/#\/schema\/logo\/image\/"}}]}},"_links":{"self":[{"href":"https:\/\/academy.asseco.pl\/en\/wp-json\/wp\/v2\/pages\/1903","targetHints":{"allow":["GET"]}}],"collection":[{"href":"https:\/\/academy.asseco.pl\/en\/wp-json\/wp\/v2\/pages"}],"about":[{"href":"https:\/\/academy.asseco.pl\/en\/wp-json\/wp\/v2\/types\/page"}],"author":[{"embeddable":true,"href":"https:\/\/academy.asseco.pl\/en\/wp-json\/wp\/v2\/users\/1"}],"replies":[{"embeddable":true,"href":"https:\/\/academy.asseco.pl\/en\/wp-json\/wp\/v2\/comments?post=1903"}],"version-history":[{"count":0,"href":"https:\/\/academy.asseco.pl\/en\/wp-json\/wp\/v2\/pages\/1903\/revisions"}],"up":[{"embeddable":true,"href":"https:\/\/academy.asseco.pl\/en\/wp-json\/wp\/v2\/pages\/1579"}],"wp:attachment":[{"href":"https:\/\/academy.asseco.pl\/en\/wp-json\/wp\/v2\/media?parent=1903"}],"curies":[{"name":"wp","href":"https:\/\/api.w.org\/{rel}","templated":true}]}}