{"id":1939,"date":"2021-02-12T15:38:13","date_gmt":"2021-02-12T15:38:13","guid":{"rendered":"https:\/\/academy.asseco.pl\/?page_id=1939"},"modified":"2021-02-15T07:41:15","modified_gmt":"2021-02-15T07:41:15","slug":"wirtualna-klasa","status":"publish","type":"page","link":"https:\/\/academy.asseco.pl\/en\/formy-szkolen-i-egzaminow\/szkolenie-zdalne\/wirtualna-klasa\/","title":{"rendered":"Wirtualna klasa"},"content":{"rendered":"<section class=\"o-section c-icons has-normal-font-size\"id=\"section_1\"\n>\n  \n  <div class=\"o-wrapper c-icons__container  c-icons--title-left \">\n\n            <h2 class=\"c-heading c-heading--h2 c-icons__title  \"><\/h2>    <div class=\"c-icons__desc\">\n    <p><strong>Zdalna klasa<\/strong> to forma udzia\u0142u w szkoleniu, dzi\u0119ki kt\u00f3rej mo\u017cesz z dowolnego miejsca na \u015bwiecie do\u0142\u0105czy\u0107 do szkolenia w formie tradycyjnej.<br \/>\nTechnologia, z kt\u00f3rej korzystamy w<strong> zdalnej klasie<\/strong> sprawia, \u017ce:<br \/>\n&#8211; masz wra\u017cenie faktycznej obecno\u015bci w sali szkoleniowej &#8211; wystarczy Ci laptop, s\u0142uchawki z mikrofonem i dobrej jako\u015bci \u0142\u0105cze internetowe.<br \/>\n&#8211; widzisz i s\u0142yszysz trenera i pozosta\u0142ych uczestnik\u00f3w,<br \/>\n&#8211; mo\u017cesz si\u0119 z nimi porozumiewa\u0107,<br \/>\n&#8211; \u015bledzisz prezentacj\u0119 oraz zapiski na tablicy,<br \/>\n&#8211; wykonujesz \u0107wiczenia praktyczne.<br \/>\n<strong>Zdalna klasa<\/strong> to szkolenie dopasowane do Twoich potrzeb.<\/p>\n \n<\/div>        <div class=\"\">\n      <div class=\"c-icons__content  o-flex o-flex--grids o-flex--grids-stretched      \">\n                  \n\n            <div class=\"c-icons__item o-flex__item u-flex-1\/3@large   u-text--left   u-flex-self-top  \">\n              <div class=\"c-icons__item-box\">\n                                                                    <img decoding=\"async\" class=\"c-icons__icon c-icons__icon--big \" src=\"https:\/\/academy.asseco.pl\/wp-content\/uploads\/2020\/08\/eksperci.svg\" alt=\"\"\/>\n                                                  <p class=\"c-icons__icon-title u-text--strong u-margin-top-large u-margin-horizontal-big u-margin-bottom-none     \">O\u015brodki szkoleniowe<\/p>\n                                                  <div class=\"c-icons__icon-desc u-margin-top-small  u-margin-left-none    u-font--func-7  \"><p>Kilka s\u0142\u00f3w o jako\u015bci o\u015brodk\u00f3w. lorem ipsum dolor sit amet, consectetur adipiscing elit, sed do eiusmod tempor incididunt ut labore et dolore magna aliqua. Lorem ipsum dolor sit amet, consectetur adipiscing elit, sed do eiusmod tempor incididunt ut labore et dolore magna aliqua. <\/p>\n<\/div>\n                                \n                              <\/div>\n            <\/div>\n                              \n\n            <div class=\"c-icons__item o-flex__item u-flex-1\/3@large   u-text--left   u-flex-self-top  \">\n              <div class=\"c-icons__item-box\">\n                                                                    <img decoding=\"async\" class=\"c-icons__icon c-icons__icon--big \" src=\"https:\/\/academy.asseco.pl\/wp-content\/uploads\/2020\/08\/wygoda.svg\" alt=\"\"\/>\n                                                  <p class=\"c-icons__icon-title u-text--strong u-margin-top-large u-margin-horizontal-big u-margin-bottom-none     \">Sale szkoleniowe<\/p>\n                                                  <div class=\"c-icons__icon-desc u-margin-top-small  u-margin-left-none    u-font--func-7  \"><p>Kilka s\u0142\u00f3w o jako\u015bci o\u015brodk\u00f3w. lorem ipsum dolor sit amet, consectetur adipiscing elit, sed do eiusmod tempor incididunt ut labore et dolore magna aliqua. Lorem ipsum dolor sit amet, consectetur adipiscing elit, sed do eiusmod tempor incididunt ut labore et dolore magna aliqua. <\/p>\n<\/div>\n                                \n                              <\/div>\n            <\/div>\n                              \n\n            <div class=\"c-icons__item o-flex__item u-flex-1\/3@large   u-text--left   u-flex-self-top  \">\n              <div class=\"c-icons__item-box\">\n                                                                    <img decoding=\"async\" class=\"c-icons__icon c-icons__icon--big \" src=\"https:\/\/academy.asseco.pl\/wp-content\/uploads\/2020\/08\/jakosc.svg\" alt=\"\"\/>\n                                                  <p class=\"c-icons__icon-title u-text--strong u-margin-top-large u-margin-horizontal-big u-margin-bottom-none     \">Sprz\u0119t<\/p>\n                                                  <div class=\"c-icons__icon-desc u-margin-top-small  u-margin-left-none    u-font--func-7  \"><p>Kilka s\u0142\u00f3w o jako\u015bci o\u015brodk\u00f3w. lorem ipsum dolor sit amet, consectetur adipiscing elit, sed do eiusmod tempor incididunt ut labore et dolore magna aliqua. Lorem ipsum dolor sit amet, consectetur adipiscing elit, sed do eiusmod tempor incididunt ut labore et dolore magna aliqua. <\/p>\n<\/div>\n                                \n                              <\/div>\n            <\/div>\n                          <\/div>\n    <\/div>\n      <\/div>\n<\/section>\n\n\n<section class=\"o-section c-contact c-contact--alternative \"id=\"section_2\"\n>\n  <div class=\"o-wrapper c-contact__container-wrapper\">\n    <div class=\"c-contact__container  has-normal-font-size\" style=\"background-image: url('https:\/\/academy.asseco.pl\/wp-content\/uploads\/2020\/05\/video-1-1170x480.png')\">\n      <div class=\"c-contact__content\">\n                  <h2 class=\"c-heading c-heading--h2 c-contact__title u-margin-bottom-tiny \">Chcesz, \u017ceby\u015bmy przeprowadzili <br \/>\r\ndla Twojego <br \/>\r\nzespo\u0142u szkolenie <br \/>\r\nw innym miejscu?<\/h2>                                                <div class=\"c-contact__buttons o-flex o-flex--wrap\">\n          <button class=\"c-button c-button--tertiary c-button--alternative c-contact__cta js-popup-trigger\" data-popup=\"write-us\">\n            Write us\n          <\/button>\n          <button class=\"c-button c-button--tertiary c-button--alternative c-contact__cta js-popup-trigger\" data-popup=\"call-back\">\n            Leave your phone number\n          <\/button>\n        <\/div>\n      <\/div>\n    <\/div>\n  <\/div>\n<\/section>\n\n\n<section class=\"o-section c-faq has-normal-font-size\"id=\"section_3\"\n>\n    <div class=\"o-wrapper\">\n    <h2 class=\"c-heading c-heading--h2 c-icons__title u-margin-bottom-huge \"><\/h2>    <div class=\"c-faq__content\">\n        <ul class=\"c-faq__list\">\n                  <li class=\"c-faq__list-item\">\n            <div class=\"c-faq__title js-faq-title\">Jak wygl\u0105da Tw\u00f3j udzia\u0142 w szkoleniu?<\/div>\n            <div class=\"c-faq__desc\"><p>Mo\u017cesz by\u0107 w dowolnym miejscu: swoim biurze, w hotelu, w domu, kawiarni. Za pomoc\u0105 laptopa czy tabletu \u0142\u0105czysz si\u0119 ze szkoleniem, kt\u00f3re odbywa si\u0119 stacjonarnie. Dzi\u0119ki wysokiej jako\u015bci kamerze i mikrofonom na sali widzisz i s\u0142yszysz trenera oraz innych uczestnik\u00f3w szkolenia. Porozumiewasz si\u0119 z nimi korzystaj\u0105c z mikrofonu w swoim urz\u0105dzeniu i g\u0142o\u015bnik\u00f3w na sali<\/p>\n<\/div>\n          <\/li>\n                  <li class=\"c-faq__list-item\">\n            <div class=\"c-faq__title js-faq-title\">Jak Ci\u0119 widz\u0105 uczestnicy szkolenia stacjonarnego?<\/div>\n            <div class=\"c-faq__desc\"><p>Ty decydujesz czy i kiedy widz\u0105 Ci\u0119 pozosta\u0142e osoby. Je\u017celi postanowisz w\u0142\u0105czy\u0107 kamer\u0119 inne osoby zobacz\u0105 Ci\u0119 na ekranie monitora na sali. Mo\u017cesz si\u0119 przedstawi\u0107 innym uczestnikom, a potem wy\u0142\u0105czy\u0107 kamer\u0105, albo pozostawi\u0107 w\u0142\u0105czon\u0105 \u2013 w\u00f3wczas miniaturka Twojej postaci b\u0119dzie widoczna na ekranie w klasie.<\/p>\n<\/div>\n          <\/li>\n                  <li class=\"c-faq__list-item\">\n            <div class=\"c-faq__title js-faq-title\">Jak Ty widzisz uczestnik\u00f3w szkole\u0144? <\/div>\n            <div class=\"c-faq__desc\"><p>Kamera na sali \u015bledzi aktywne osoby. Ty na ekranie swojego komputera, widzisz instruktora lub t\u0119 osob\u0119, kt\u00f3ra zabiera g\u0142os w dyskusji. Mo\u017cesz dowolnie ustawi\u0107 miejsce i rozmiar obrazu z kamery na sali na swoim ekranie.<\/p>\n<\/div>\n          <\/li>\n                  <li class=\"c-faq__list-item\">\n            <div class=\"c-faq__title js-faq-title\">Jak porozumiewasz si\u0119 z innymi uczestnikami szkolenia? <\/div>\n            <div class=\"c-faq__desc\"><p>Korzystaj\u0105c z mikrofonu i dost\u0119pnych na sali g\u0142o\u015bnik\u00f3w mo\u017cesz komunikowa\u0107 si\u0119 z innymi osobami. Je\u015bli nie chcesz zadawa\u0107 pyta\u0144 trenerowi publicznie mo\u017cesz wywo\u0142a\u0107 go na czacie, nast\u0119pnie przej\u015b\u0107 na indywidualne po\u0142\u0105czenie g\u0142osowe.<\/p>\n<\/div>\n          <\/li>\n                  <li class=\"c-faq__list-item\">\n            <div class=\"c-faq__title js-faq-title\">Jak trener mo\u017ce wesprze\u0107 Ci\u0119 w \u0107wiczeniach?<\/div>\n            <div class=\"c-faq__desc\"><p>\u0141\u0105czysz si\u0119 z trenerem na czacie lub g\u0142osowo. Dzi\u0119ki zastosowanemu oprogramowaniu trener widzi Tw\u00f3j pulpit i mo\u017ce razem z Tob\u0105 wykona\u0107 na nim dzia\u0142ania.<\/p>\n<\/div>\n          <\/li>\n                  <li class=\"c-faq__list-item\">\n            <div class=\"c-faq__title js-faq-title\">A co z materia\u0142ami szkoleniowymi? <\/div>\n            <div class=\"c-faq__desc\"><p>Materia\u0142y pobierasz z wskazanej przez instruktora lokalizacji sieciowej, albo z sekcji plik\u00f3w widocznej w aplikacji, kt\u00f3r\u0105 \u0142\u0105czysz si\u0119 do szkolenia.<\/p>\n<\/div>\n          <\/li>\n                <\/ul>\n    <\/div>\n      <\/div>\n<\/section>\n\n\n\n\n<section class=\"o-section js-postlist c-post-list  has-normal-font-size\"id=\"section_4\"\n>\n  <div class=\"c-loader  js-loader\">\n  <div class=\"lds-dual-ring\"><\/div>\n<\/div>\n    <div class=\"o-wrapper c-post-list__container o-flex o-flex--wrap\">\n                <div class=\"c-post-list__content o-flex__item u-flex-12\/12\">\n\n      \n      <div class=\"o-flex o-flex--grids o-flex--grids-stretched   js-postlist-posts\">\n                                                \n                \n        \n      \n          <div class=\"c-post-list__item o-flex__item u-flex-1\/1 u-flex-1\/2@medium u-flex-1\/3@large \">\n    \n            \n                    <div class=\"o-link c-tease c-tease--training\">\n      <div class=\"c-tease__desc o-flex o-flex--column o-flex--space-between\">\n      <div class=\"\">\n            <div class=\"c-tease__top o-flex o-flex--lock-left\">\n    <span class=\"c-tag\">Training<\/span>\n    <span class=\"c-tease__ID\">AZ-2007<\/span>\n  <\/div>\n\n          \n<div class=\"c-tease__content c-tease__content--small u-margin-top-big u-margin-bottom-large\">\n  <p class=\"c-heading c-heading--h5 c-tease__title   c-tease__title--small u-margin-top-none \">\n    Accelerate app development by using GitHub Copilot\n  <\/p>\n<\/div>\n        \n<div class=\"c-tease__options u-padding-bottom u-text--left post-list   alignfull\">\n                <p class=\"u-margin-bottom-micro\">\n      <strong class=\"u-margin-right-micro\">\n        Training form:\n      <\/strong>\n                    stacjonarna                  <\/p>\n    <p class=\"u-margin-top-micro u-margin-bottom-none\">\n      <strong class=\"u-margin-right-micro\">Language:<\/strong>\n                    polski                <\/p>\n            \n  <\/div>\n      <\/div>\n      <div class=\"\">\n        <div class=\"c-tease__options u-text--left\">\n            \n\n  <div class=\"o-flex o-flex--centered-h u-margin-vertical-small\">\n\n            <div class=\"\" style=\"align-items: baseline;\">\n      <strong class=\"u-margin-right-tiny\">Price from <\/strong><strong class=\"u-text--bigger\"><span class=\"js-price-value\">PLN\u00a01,200<\/span> <sup class=\"u-text--regular u-text--xsmallest\">net<\/sup><\/strong>\n    <\/div>\n  \n \n  <\/div>\n        <\/div>\n\t\n\n  <div class=\"u-text--center u-margin-horizontal-big\">\n    <a class=\"c-button c-button--primary c-button--full\" href=\"https:\/\/academy.asseco.pl\/en\/training\/accelerate-app-development-by-using-github-copilot\/\">Show more<\/a>\n  <\/div>\n      <\/div>\n    <\/div>\n  <\/div>\n                    \n    <\/div>\n      \n          <div class=\"c-post-list__item o-flex__item u-flex-1\/1 u-flex-1\/2@medium u-flex-1\/3@large \">\n    \n            \n                    <div class=\"o-link c-tease c-tease--training\">\n      <div class=\"c-tease__desc o-flex o-flex--column o-flex--space-between\">\n      <div class=\"\">\n            <div class=\"c-tease__top o-flex o-flex--lock-left\">\n    <span class=\"c-tag\">Training<\/span>\n    <span class=\"c-tease__ID\">AZ-1008<\/span>\n  <\/div>\n\n          \n<div class=\"c-tease__content c-tease__content--small u-margin-top-big u-margin-bottom-large\">\n  <p class=\"c-heading c-heading--h5 c-tease__title   c-tease__title--small u-margin-top-none \">\n    Administer Active Directory Domain Services\n  <\/p>\n<\/div>\n        \n<div class=\"c-tease__options u-padding-bottom u-text--left post-list   alignfull\">\n                <p class=\"u-margin-bottom-micro\">\n      <strong class=\"u-margin-right-micro\">\n        Training form:\n      <\/strong>\n                    zdalna, stacjonarna                  <\/p>\n    <p class=\"u-margin-top-micro u-margin-bottom-none\">\n      <strong class=\"u-margin-right-micro\">Language:<\/strong>\n                    polski                <\/p>\n            \n  <\/div>\n      <\/div>\n      <div class=\"\">\n        <div class=\"c-tease__options u-text--left\">\n            \n\n  <div class=\"o-flex o-flex--centered-h u-margin-vertical-small\">\n\n            <div class=\"\" style=\"align-items: baseline;\">\n      <strong class=\"u-margin-right-tiny\">Price from <\/strong><strong class=\"u-text--bigger\"><span class=\"js-price-value\">PLN\u00a01,080<\/span> <sup class=\"u-text--regular u-text--xsmallest\">net<\/sup><\/strong>\n    <\/div>\n  \n \n  <\/div>\n        <\/div>\n\t\n\n  <div class=\"u-text--center u-margin-horizontal-big\">\n    <a class=\"c-button c-button--primary c-button--full\" href=\"https:\/\/academy.asseco.pl\/en\/training\/administer-active-directory-domain-services\/\">Show more<\/a>\n  <\/div>\n      <\/div>\n    <\/div>\n  <\/div>\n                    \n    <\/div>\n      \n          <div class=\"c-post-list__item o-flex__item u-flex-1\/1 u-flex-1\/2@medium u-flex-1\/3@large \">\n    \n            \n                    <div class=\"o-link c-tease c-tease--training\">\n      <div class=\"c-tease__desc o-flex o-flex--column o-flex--space-between\">\n      <div class=\"\">\n            <div class=\"c-tease__top o-flex o-flex--lock-left\">\n    <span class=\"c-tag\">Training<\/span>\n    <span class=\"c-tease__ID\">AZ-800T00_AIO_Z<\/span>\n  <\/div>\n\n          \n<div class=\"c-tease__content c-tease__content--small u-margin-top-big u-margin-bottom-large\">\n  <p class=\"c-heading c-heading--h5 c-tease__title   c-tease__title--small u-margin-top-none \">\n    Administer Windows Server Hybrid Core Infrastructure\n  <\/p>\n<\/div>\n        \n<div class=\"c-tease__options u-padding-bottom u-text--left post-list   alignfull\">\n                <p class=\"u-margin-bottom-micro\">\n      <strong class=\"u-margin-right-micro\">\n        Training form:\n      <\/strong>\n                    zdalna                  <\/p>\n    <p class=\"u-margin-top-micro u-margin-bottom-none\">\n      <strong class=\"u-margin-right-micro\">Language:<\/strong>\n                    polski                <\/p>\n            \n  <\/div>\n      <\/div>\n      <div class=\"\">\n        <div class=\"c-tease__options u-text--left\">\n            \n\n  <div class=\"o-flex o-flex--centered-h u-margin-vertical-small\">\n\n            <div class=\"\" style=\"align-items: baseline;\">\n      <strong class=\"u-margin-right-tiny\">Price from <\/strong><strong class=\"u-text--bigger\"><span class=\"js-price-value\">PLN\u00a03,150<\/span> <sup class=\"u-text--regular u-text--xsmallest\">net<\/sup><\/strong>\n    <\/div>\n  \n \n  <\/div>\n        <\/div>\n\t\n\n  <div class=\"u-text--center u-margin-horizontal-big\">\n    <a class=\"c-button c-button--primary c-button--full\" href=\"https:\/\/academy.asseco.pl\/en\/training\/administer-windows-server-hybrid-core-infrastructure\/\">Show more<\/a>\n  <\/div>\n      <\/div>\n    <\/div>\n  <\/div>\n                    \n    <\/div>\n  \n      <\/div>\n    <\/div>\n      <\/div>\n<\/section>\n","protected":false},"excerpt":{"rendered":"","protected":false},"author":1,"featured_media":0,"parent":1910,"menu_order":140,"comment_status":"closed","ping_status":"closed","template":"","meta":{"_acf_changed":false,"inline_featured_image":false,"footnotes":""},"class_list":["post-1939","page","type-page","status-publish","hentry"],"acf":[],"yoast_head":"<!-- This site is optimized with the Yoast SEO plugin v27.2 - https:\/\/yoast.com\/product\/yoast-seo-wordpress\/ -->\n<title>Wirtualna klasa - Asseco Academy<\/title>\n<meta name=\"robots\" content=\"index, follow, max-snippet:-1, max-image-preview:large, max-video-preview:-1\" \/>\n<link rel=\"canonical\" href=\"https:\/\/academy.asseco.pl\/en\/formy-szkolen-i-egzaminow\/szkolenie-zdalne\/wirtualna-klasa\/\" \/>\n<meta property=\"og:locale\" content=\"en_US\" \/>\n<meta property=\"og:type\" content=\"article\" \/>\n<meta property=\"og:title\" content=\"Wirtualna klasa - Asseco Academy\" \/>\n<meta property=\"og:url\" content=\"https:\/\/academy.asseco.pl\/en\/formy-szkolen-i-egzaminow\/szkolenie-zdalne\/wirtualna-klasa\/\" \/>\n<meta property=\"og:site_name\" content=\"Asseco Academy\" \/>\n<meta property=\"article:modified_time\" content=\"2021-02-15T07:41:15+00:00\" \/>\n<meta name=\"twitter:card\" content=\"summary_large_image\" \/>\n<script type=\"application\/ld+json\" class=\"yoast-schema-graph\">{\"@context\":\"https:\/\/schema.org\",\"@graph\":[{\"@type\":\"WebPage\",\"@id\":\"https:\/\/academy.asseco.pl\/en\/formy-szkolen-i-egzaminow\/szkolenie-zdalne\/wirtualna-klasa\/\",\"url\":\"https:\/\/academy.asseco.pl\/en\/formy-szkolen-i-egzaminow\/szkolenie-zdalne\/wirtualna-klasa\/\",\"name\":\"Wirtualna klasa - Asseco Academy\",\"isPartOf\":{\"@id\":\"https:\/\/academy.asseco.pl\/en\/#website\"},\"datePublished\":\"2021-02-12T15:38:13+00:00\",\"dateModified\":\"2021-02-15T07:41:15+00:00\",\"breadcrumb\":{\"@id\":\"https:\/\/academy.asseco.pl\/en\/formy-szkolen-i-egzaminow\/szkolenie-zdalne\/wirtualna-klasa\/#breadcrumb\"},\"inLanguage\":\"en-US\",\"potentialAction\":[{\"@type\":\"ReadAction\",\"target\":[\"https:\/\/academy.asseco.pl\/en\/formy-szkolen-i-egzaminow\/szkolenie-zdalne\/wirtualna-klasa\/\"]}]},{\"@type\":\"BreadcrumbList\",\"@id\":\"https:\/\/academy.asseco.pl\/en\/formy-szkolen-i-egzaminow\/szkolenie-zdalne\/wirtualna-klasa\/#breadcrumb\",\"itemListElement\":[{\"@type\":\"ListItem\",\"position\":1,\"name\":\"Asseco Academy\",\"item\":\"https:\/\/academy.asseco.pl\/en\/\"},{\"@type\":\"ListItem\",\"position\":2,\"name\":\"Formy szkole\u0144 i egzamin\u00f3w\",\"item\":\"https:\/\/academy.asseco.pl\/en\/formy-szkolen-i-egzaminow\/\"},{\"@type\":\"ListItem\",\"position\":3,\"name\":\"Szkolenie zdalne\",\"item\":\"https:\/\/academy.asseco.pl\/en\/formy-szkolen-i-egzaminow\/szkolenie-zdalne\/\"},{\"@type\":\"ListItem\",\"position\":4,\"name\":\"Wirtualna klasa\"}]},{\"@type\":\"WebSite\",\"@id\":\"https:\/\/academy.asseco.pl\/en\/#website\",\"url\":\"https:\/\/academy.asseco.pl\/en\/\",\"name\":\"Asseco Academy\",\"description\":\"Asseco Academy\",\"publisher\":{\"@id\":\"https:\/\/academy.asseco.pl\/en\/#organization\"},\"potentialAction\":[{\"@type\":\"SearchAction\",\"target\":{\"@type\":\"EntryPoint\",\"urlTemplate\":\"https:\/\/academy.asseco.pl\/en\/?s={search_term_string}\"},\"query-input\":{\"@type\":\"PropertyValueSpecification\",\"valueRequired\":true,\"valueName\":\"search_term_string\"}}],\"inLanguage\":\"en-US\"},{\"@type\":\"Organization\",\"@id\":\"https:\/\/academy.asseco.pl\/en\/#organization\",\"name\":\"Asseco Academy\",\"url\":\"https:\/\/academy.asseco.pl\/en\/\",\"logo\":{\"@type\":\"ImageObject\",\"inLanguage\":\"en-US\",\"@id\":\"https:\/\/academy.asseco.pl\/en\/#\/schema\/logo\/image\/\",\"url\":\"https:\/\/academy.asseco.pl\/wp-content\/uploads\/2020\/04\/asseco_academy.png\",\"contentUrl\":\"https:\/\/academy.asseco.pl\/wp-content\/uploads\/2020\/04\/asseco_academy.png\",\"width\":197,\"height\":26,\"caption\":\"Asseco Academy\"},\"image\":{\"@id\":\"https:\/\/academy.asseco.pl\/en\/#\/schema\/logo\/image\/\"}}]}<\/script>\n<!-- \/ Yoast SEO plugin. -->","yoast_head_json":{"title":"Wirtualna klasa - Asseco Academy","robots":{"index":"index","follow":"follow","max-snippet":"max-snippet:-1","max-image-preview":"max-image-preview:large","max-video-preview":"max-video-preview:-1"},"canonical":"https:\/\/academy.asseco.pl\/en\/formy-szkolen-i-egzaminow\/szkolenie-zdalne\/wirtualna-klasa\/","og_locale":"en_US","og_type":"article","og_title":"Wirtualna klasa - Asseco Academy","og_url":"https:\/\/academy.asseco.pl\/en\/formy-szkolen-i-egzaminow\/szkolenie-zdalne\/wirtualna-klasa\/","og_site_name":"Asseco Academy","article_modified_time":"2021-02-15T07:41:15+00:00","twitter_card":"summary_large_image","schema":{"@context":"https:\/\/schema.org","@graph":[{"@type":"WebPage","@id":"https:\/\/academy.asseco.pl\/en\/formy-szkolen-i-egzaminow\/szkolenie-zdalne\/wirtualna-klasa\/","url":"https:\/\/academy.asseco.pl\/en\/formy-szkolen-i-egzaminow\/szkolenie-zdalne\/wirtualna-klasa\/","name":"Wirtualna klasa - Asseco Academy","isPartOf":{"@id":"https:\/\/academy.asseco.pl\/en\/#website"},"datePublished":"2021-02-12T15:38:13+00:00","dateModified":"2021-02-15T07:41:15+00:00","breadcrumb":{"@id":"https:\/\/academy.asseco.pl\/en\/formy-szkolen-i-egzaminow\/szkolenie-zdalne\/wirtualna-klasa\/#breadcrumb"},"inLanguage":"en-US","potentialAction":[{"@type":"ReadAction","target":["https:\/\/academy.asseco.pl\/en\/formy-szkolen-i-egzaminow\/szkolenie-zdalne\/wirtualna-klasa\/"]}]},{"@type":"BreadcrumbList","@id":"https:\/\/academy.asseco.pl\/en\/formy-szkolen-i-egzaminow\/szkolenie-zdalne\/wirtualna-klasa\/#breadcrumb","itemListElement":[{"@type":"ListItem","position":1,"name":"Asseco Academy","item":"https:\/\/academy.asseco.pl\/en\/"},{"@type":"ListItem","position":2,"name":"Formy szkole\u0144 i egzamin\u00f3w","item":"https:\/\/academy.asseco.pl\/en\/formy-szkolen-i-egzaminow\/"},{"@type":"ListItem","position":3,"name":"Szkolenie zdalne","item":"https:\/\/academy.asseco.pl\/en\/formy-szkolen-i-egzaminow\/szkolenie-zdalne\/"},{"@type":"ListItem","position":4,"name":"Wirtualna klasa"}]},{"@type":"WebSite","@id":"https:\/\/academy.asseco.pl\/en\/#website","url":"https:\/\/academy.asseco.pl\/en\/","name":"Asseco Academy","description":"Asseco Academy","publisher":{"@id":"https:\/\/academy.asseco.pl\/en\/#organization"},"potentialAction":[{"@type":"SearchAction","target":{"@type":"EntryPoint","urlTemplate":"https:\/\/academy.asseco.pl\/en\/?s={search_term_string}"},"query-input":{"@type":"PropertyValueSpecification","valueRequired":true,"valueName":"search_term_string"}}],"inLanguage":"en-US"},{"@type":"Organization","@id":"https:\/\/academy.asseco.pl\/en\/#organization","name":"Asseco Academy","url":"https:\/\/academy.asseco.pl\/en\/","logo":{"@type":"ImageObject","inLanguage":"en-US","@id":"https:\/\/academy.asseco.pl\/en\/#\/schema\/logo\/image\/","url":"https:\/\/academy.asseco.pl\/wp-content\/uploads\/2020\/04\/asseco_academy.png","contentUrl":"https:\/\/academy.asseco.pl\/wp-content\/uploads\/2020\/04\/asseco_academy.png","width":197,"height":26,"caption":"Asseco Academy"},"image":{"@id":"https:\/\/academy.asseco.pl\/en\/#\/schema\/logo\/image\/"}}]}},"_links":{"self":[{"href":"https:\/\/academy.asseco.pl\/en\/wp-json\/wp\/v2\/pages\/1939","targetHints":{"allow":["GET"]}}],"collection":[{"href":"https:\/\/academy.asseco.pl\/en\/wp-json\/wp\/v2\/pages"}],"about":[{"href":"https:\/\/academy.asseco.pl\/en\/wp-json\/wp\/v2\/types\/page"}],"author":[{"embeddable":true,"href":"https:\/\/academy.asseco.pl\/en\/wp-json\/wp\/v2\/users\/1"}],"replies":[{"embeddable":true,"href":"https:\/\/academy.asseco.pl\/en\/wp-json\/wp\/v2\/comments?post=1939"}],"version-history":[{"count":0,"href":"https:\/\/academy.asseco.pl\/en\/wp-json\/wp\/v2\/pages\/1939\/revisions"}],"up":[{"embeddable":true,"href":"https:\/\/academy.asseco.pl\/en\/wp-json\/wp\/v2\/pages\/1910"}],"wp:attachment":[{"href":"https:\/\/academy.asseco.pl\/en\/wp-json\/wp\/v2\/media?parent=1939"}],"curies":[{"name":"wp","href":"https:\/\/api.w.org\/{rel}","templated":true}]}}