{"id":2025,"date":"2021-02-19T01:18:05","date_gmt":"2021-02-19T01:18:05","guid":{"rendered":"https:\/\/academy.asseco.pl\/?page_id=2025"},"modified":"2021-02-25T15:12:30","modified_gmt":"2021-02-25T15:12:30","slug":"uslugi-doradcze","status":"publish","type":"page","link":"https:\/\/academy.asseco.pl\/en\/business-services\/uslugi-doradcze\/","title":{"rendered":"Us\u0142ugi doradcze"},"content":{"rendered":"<section class=\"o-section c-hero c-hero--secondary c-hero--normal  u-color--main-1 u-font--func-1 u-color--func-6 u-color-opacity- has-normal-font-size\"id=\"section_1\"\n>\n                        <div class=\"c-hero__image\">\n                <img decoding=\"async\" src=\"https:\/\/academy.asseco.pl\/wp-content\/uploads\/2021\/01\/sec_1-1370x550.png\"              width=\"1370\" height=\"550\"             alt=\"Us\u0142ugi doradcze\"\n             fetchpriority=\"high\" loading=\"eager\"\n             class=\"c-hero__image-img\">\n      <\/div>\n        \n\n    <div class=\"o-wrapper c-hero__container\">\n          <div class=\"c-breadcrumbs__wrapper o-layout__itemo-flex o-flex--grids u-hidden@less-then-large\">\n    <div class=\"o-flex__item u-flex-12\/12\">\n        <div class=\"c-breadcrumbs\"><span><span><a href=\"https:\/\/academy.asseco.pl\/en\/\">Asseco Academy<\/a><\/span><\/span><\/div>\n    <\/div>\n<\/div>        <div class=\"c-hero__content \">\n\n            <h2 class=\"c-heading c-heading--h2 c-hero__title u-margin-bottom-tiny \">Us\u0142ugi doradcze<\/h2>\n      <div class=\"c-hero__desc\">\n    <p style=\"text-align: left;\">Pomo\u017cemy Ci w usprawnieniu Twojej firmy poprzez szkolenia z najlepszych dobrych praktyk i metodyk, ale r\u00f3wnie\u017c b\u0119dziemy Ci\u0119 wspiera\u0107 w przeprowadzeniu realnej zmiany i poka\u017cemy jak zastosowa\u0107 zdobyt\u0105 wiedz\u0119 i umiej\u0119tno\u015bci w Twoim \u015brodowisku pracy. Zobacz w czym mo\u017cemy Ci pom\u00f3c.<\/p>\n \n<\/div>            \n      \n                <\/div>\n  <\/div>\n<\/section>\n\n\n<section class=\"o-section c-number-points  u-color--func-2 u-color-opacity- has-normal-font-size\"id=\"section_2\"\n>\n    <div class=\"o-wrapper\">\n    <div class=\" u-margin-bottom-huge\">\n              <h2 class=\"c-heading c-heading--h2  \">Jak pracujemy?<\/h2>                          <div class=\"\">\n    <p style=\"text-align: center;\">Pracujemy w modelu: Wyzwanie \u2013 Pog\u0142\u0119bienie \u2013 Rozwi\u0105zanie \u2013 Prototypowanie \u2013 Zmiana.<br \/>\nCzerpiemy z najlepszych wzorc\u00f3w, czyli z modelu DMAIC SixSigma (Define, Measure, Analyze,<br \/>\nImrove, Control) i Design Thinking (Empathize, Define, Ideate, Prototype, Test).<\/p>\n \n<\/div>          <\/div>\n          <div class=\"o-flex o-flex--grids o-flex--centered-h c-number-points__items  c-number-points__items--colors \">\n                  <div class=\"o-flex__item u-flex-1\/3@large c-number-points__item\">\n            <div class=\"o-flex o-flex--grids\">\n              <div class=\"o-flex__item u-flex-1\/4@large u-text-center\">\n                <div class=\"c-number-points__number \">\n                  1.\n                <\/div>\n              <\/div>\n              <div class=\"o-flex__item u-flex-3\/4@large\">\n                <div class=\"c-number-points__title \">\n                  Wyzwanie\n                <\/div>\n                <div class=\"c-number-points__content u-text--smaller\">\n                  Kick-off projektu. Poznajemy si\u0119 i przedstawiamy nasz spos\u00f3b pracy. Ustalamy stan AS IS. Definiujemy wyzwanie \u2013 cel, kt\u00f3ry ma zosta\u0107 osi\u0105gni\u0119ty. Okre\u015blamy zakres analizy.\r\nWskazujemy kluczowych interesariuszy\r\ni ich wsparcie. Pytamy \u201edlaczego?\u201d. Zaczynamy!\n                <\/div>\n              <\/div>\n            <\/div>\n          <\/div>\n                  <div class=\"o-flex__item u-flex-1\/3@large c-number-points__item\">\n            <div class=\"o-flex o-flex--grids\">\n              <div class=\"o-flex__item u-flex-1\/4@large u-text-center\">\n                <div class=\"c-number-points__number \">\n                  2.\n                <\/div>\n              <\/div>\n              <div class=\"o-flex__item u-flex-3\/4@large\">\n                <div class=\"c-number-points__title \">\n                  Pog\u0142\u0119bienie\n                <\/div>\n                <div class=\"c-number-points__content u-text--smaller\">\n                  Prowadzimy moderowany warsztat, na kt\u00f3rym analizujemy zidentyfikowane wyzwania w oparciu o wywiady i dost\u0119pne dane. Szukamy, gdzie boli, dochodz\u0105c do sedna sprawy. Przygotowujemy hipotezy. Gdy zajdzie potrzeba, ca\u0142y zesp\u00f3\u0142 przechodzi intensywny trening z najlepszych\r\npraktyk w danym temacie.\n                <\/div>\n              <\/div>\n            <\/div>\n          <\/div>\n                  <div class=\"o-flex__item u-flex-1\/3@large c-number-points__item\">\n            <div class=\"o-flex o-flex--grids\">\n              <div class=\"o-flex__item u-flex-1\/4@large u-text-center\">\n                <div class=\"c-number-points__number \">\n                  3.\n                <\/div>\n              <\/div>\n              <div class=\"o-flex__item u-flex-3\/4@large\">\n                <div class=\"c-number-points__title \">\n                  Rozwi\u0105zanie\n                <\/div>\n                <div class=\"c-number-points__content u-text--smaller\">\n                  Wymieniamy si\u0119 pomys\u0142ami i ideami. Na tym etapie wszystkie pomys\u0142y s\u0105 cenne i warte uwagi zespo\u0142u.\r\nWypracowujemy propozycje rozwi\u0105za\u0144 i wybieramy\r\nte najlepiej rokuj\u0105ce.\n                <\/div>\n              <\/div>\n            <\/div>\n          <\/div>\n                  <div class=\"o-flex__item u-flex-1\/3@large c-number-points__item\">\n            <div class=\"o-flex o-flex--grids\">\n              <div class=\"o-flex__item u-flex-1\/4@large u-text-center\">\n                <div class=\"c-number-points__number \">\n                  4.\n                <\/div>\n              <\/div>\n              <div class=\"o-flex__item u-flex-3\/4@large\">\n                <div class=\"c-number-points__title \">\n                  Prototypowanie\n                <\/div>\n                <div class=\"c-number-points__content u-text--smaller\">\n                  Tworzymy prototyp. Tam, gdzie ma to zastosowanie testujemy go \u201ena ludziach\u201d, zbieramy feedback i poprawiamy\n                <\/div>\n              <\/div>\n            <\/div>\n          <\/div>\n                  <div class=\"o-flex__item u-flex-1\/3@large c-number-points__item\">\n            <div class=\"o-flex o-flex--grids\">\n              <div class=\"o-flex__item u-flex-1\/4@large u-text-center\">\n                <div class=\"c-number-points__number \">\n                  5.\n                <\/div>\n              <\/div>\n              <div class=\"o-flex__item u-flex-3\/4@large\">\n                <div class=\"c-number-points__title \">\n                  Zmiana\n                <\/div>\n                <div class=\"c-number-points__content u-text--smaller\">\n                  Wierzymy, z\u0307e nie da sie\u0328 zmienic\u0301 organizacji od zewna\u0328trz. Organizacja sama musi tego chciec\u0301. Gdy zmiany sa\u0328 gotowe do implementacji, nasza\u0328 rola\u0328 jest wparcie w utrwaleniu zmiany i zakorzenieniu jej w kulturze organizacyjnej.\n                <\/div>\n              <\/div>\n            <\/div>\n          <\/div>\n              <\/div>\n      <\/div>\n<\/section>\n\n\n<section class=\"o-section c-contact \"id=\"section_3\"\n>\n  <div class=\"o-wrapper c-contact__container-wrapper\">\n    <div class=\"c-contact__container  u-color--func-8 u-color-opacity- u-font--func-1\">\n              <div class=\"c-contact__image\">\n                              <img decoding=\"async\" src=\"https:\/\/academy.asseco.pl\/wp-content\/uploads\/2020\/04\/majorel-consulting-agile-scaled-1-1170x480.jpeg\"                width=\"1170\" height=\"480\"               alt=\"Chcesz z nami porozmawia\u0107?\"\n               loading=\"lazy\"\n               class=\"c-contact__image-img\">\n        <\/div>\n            <div class=\"c-contact__content\">\n                  <h2 class=\"c-heading c-heading--h1 c-contact__title u-margin-bottom-tiny \">Chcesz z nami porozmawia\u0107?<\/h2>                                  <div class=\"c-contact__desc u-text--strong\">\n    <p>Zadzwo\u0144 do nas: tel. <a href=\"tel:801303030\"><strong> 801 30 30 30<\/strong><\/a><\/p>\n<p><span class=\"u-text--smaller\">lub<\/span><\/p>\n \n<\/div> \n                                <div class=\"c-contact__buttons o-flex o-flex--wrap\">\n          <button class=\"c-button c-button--tertiary c-button--alternative c-contact__cta js-popup-trigger\" data-popup=\"write-us\">\n            Write us\n          <\/button>\n          <button class=\"c-button c-button--tertiary c-button--alternative c-contact__cta js-popup-trigger\" data-popup=\"call-back\">\n            Leave your phone number\n          <\/button>\n        <\/div>\n      <\/div>\n    <\/div>\n  <\/div>\n<\/section>\n","protected":false},"excerpt":{"rendered":"","protected":false},"author":1,"featured_media":0,"parent":2010,"menu_order":121,"comment_status":"closed","ping_status":"closed","template":"","meta":{"_acf_changed":false,"inline_featured_image":false,"footnotes":""},"class_list":["post-2025","page","type-page","status-publish","hentry"],"acf":[],"yoast_head":"<!-- This site is optimized with the Yoast SEO plugin v27.2 - https:\/\/yoast.com\/product\/yoast-seo-wordpress\/ -->\n<title>Us\u0142ugi doradcze - Asseco Academy<\/title>\n<meta name=\"robots\" content=\"index, follow, max-snippet:-1, max-image-preview:large, max-video-preview:-1\" \/>\n<link rel=\"canonical\" href=\"https:\/\/academy.asseco.pl\/en\/business-services\/uslugi-doradcze\/\" \/>\n<meta property=\"og:locale\" content=\"en_US\" \/>\n<meta property=\"og:type\" content=\"article\" \/>\n<meta property=\"og:title\" content=\"Us\u0142ugi doradcze - Asseco Academy\" \/>\n<meta property=\"og:url\" content=\"https:\/\/academy.asseco.pl\/en\/business-services\/uslugi-doradcze\/\" \/>\n<meta property=\"og:site_name\" content=\"Asseco Academy\" \/>\n<meta property=\"article:modified_time\" content=\"2021-02-25T15:12:30+00:00\" \/>\n<meta name=\"twitter:card\" content=\"summary_large_image\" \/>\n<script type=\"application\/ld+json\" class=\"yoast-schema-graph\">{\"@context\":\"https:\/\/schema.org\",\"@graph\":[{\"@type\":\"WebPage\",\"@id\":\"https:\/\/academy.asseco.pl\/en\/business-services\/uslugi-doradcze\/\",\"url\":\"https:\/\/academy.asseco.pl\/en\/business-services\/uslugi-doradcze\/\",\"name\":\"Us\u0142ugi doradcze - Asseco Academy\",\"isPartOf\":{\"@id\":\"https:\/\/academy.asseco.pl\/en\/#website\"},\"datePublished\":\"2021-02-19T01:18:05+00:00\",\"dateModified\":\"2021-02-25T15:12:30+00:00\",\"breadcrumb\":{\"@id\":\"https:\/\/academy.asseco.pl\/en\/business-services\/uslugi-doradcze\/#breadcrumb\"},\"inLanguage\":\"en-US\",\"potentialAction\":[{\"@type\":\"ReadAction\",\"target\":[\"https:\/\/academy.asseco.pl\/en\/business-services\/uslugi-doradcze\/\"]}]},{\"@type\":\"BreadcrumbList\",\"@id\":\"https:\/\/academy.asseco.pl\/en\/business-services\/uslugi-doradcze\/#breadcrumb\",\"itemListElement\":[{\"@type\":\"ListItem\",\"position\":1,\"name\":\"Asseco Academy\",\"item\":\"https:\/\/academy.asseco.pl\/en\/\"},{\"@type\":\"ListItem\",\"position\":2,\"name\":\"Business services\",\"item\":\"https:\/\/academy.asseco.pl\/en\/?page_id=2010\"},{\"@type\":\"ListItem\",\"position\":3,\"name\":\"Us\u0142ugi doradcze\"}]},{\"@type\":\"WebSite\",\"@id\":\"https:\/\/academy.asseco.pl\/en\/#website\",\"url\":\"https:\/\/academy.asseco.pl\/en\/\",\"name\":\"Asseco Academy\",\"description\":\"Asseco Academy\",\"publisher\":{\"@id\":\"https:\/\/academy.asseco.pl\/en\/#organization\"},\"potentialAction\":[{\"@type\":\"SearchAction\",\"target\":{\"@type\":\"EntryPoint\",\"urlTemplate\":\"https:\/\/academy.asseco.pl\/en\/?s={search_term_string}\"},\"query-input\":{\"@type\":\"PropertyValueSpecification\",\"valueRequired\":true,\"valueName\":\"search_term_string\"}}],\"inLanguage\":\"en-US\"},{\"@type\":\"Organization\",\"@id\":\"https:\/\/academy.asseco.pl\/en\/#organization\",\"name\":\"Asseco Academy\",\"url\":\"https:\/\/academy.asseco.pl\/en\/\",\"logo\":{\"@type\":\"ImageObject\",\"inLanguage\":\"en-US\",\"@id\":\"https:\/\/academy.asseco.pl\/en\/#\/schema\/logo\/image\/\",\"url\":\"https:\/\/academy.asseco.pl\/wp-content\/uploads\/2020\/04\/asseco_academy.png\",\"contentUrl\":\"https:\/\/academy.asseco.pl\/wp-content\/uploads\/2020\/04\/asseco_academy.png\",\"width\":197,\"height\":26,\"caption\":\"Asseco Academy\"},\"image\":{\"@id\":\"https:\/\/academy.asseco.pl\/en\/#\/schema\/logo\/image\/\"}}]}<\/script>\n<!-- \/ Yoast SEO plugin. -->","yoast_head_json":{"title":"Us\u0142ugi doradcze - Asseco Academy","robots":{"index":"index","follow":"follow","max-snippet":"max-snippet:-1","max-image-preview":"max-image-preview:large","max-video-preview":"max-video-preview:-1"},"canonical":"https:\/\/academy.asseco.pl\/en\/business-services\/uslugi-doradcze\/","og_locale":"en_US","og_type":"article","og_title":"Us\u0142ugi doradcze - Asseco Academy","og_url":"https:\/\/academy.asseco.pl\/en\/business-services\/uslugi-doradcze\/","og_site_name":"Asseco Academy","article_modified_time":"2021-02-25T15:12:30+00:00","twitter_card":"summary_large_image","schema":{"@context":"https:\/\/schema.org","@graph":[{"@type":"WebPage","@id":"https:\/\/academy.asseco.pl\/en\/business-services\/uslugi-doradcze\/","url":"https:\/\/academy.asseco.pl\/en\/business-services\/uslugi-doradcze\/","name":"Us\u0142ugi doradcze - Asseco Academy","isPartOf":{"@id":"https:\/\/academy.asseco.pl\/en\/#website"},"datePublished":"2021-02-19T01:18:05+00:00","dateModified":"2021-02-25T15:12:30+00:00","breadcrumb":{"@id":"https:\/\/academy.asseco.pl\/en\/business-services\/uslugi-doradcze\/#breadcrumb"},"inLanguage":"en-US","potentialAction":[{"@type":"ReadAction","target":["https:\/\/academy.asseco.pl\/en\/business-services\/uslugi-doradcze\/"]}]},{"@type":"BreadcrumbList","@id":"https:\/\/academy.asseco.pl\/en\/business-services\/uslugi-doradcze\/#breadcrumb","itemListElement":[{"@type":"ListItem","position":1,"name":"Asseco Academy","item":"https:\/\/academy.asseco.pl\/en\/"},{"@type":"ListItem","position":2,"name":"Business services","item":"https:\/\/academy.asseco.pl\/en\/?page_id=2010"},{"@type":"ListItem","position":3,"name":"Us\u0142ugi doradcze"}]},{"@type":"WebSite","@id":"https:\/\/academy.asseco.pl\/en\/#website","url":"https:\/\/academy.asseco.pl\/en\/","name":"Asseco Academy","description":"Asseco Academy","publisher":{"@id":"https:\/\/academy.asseco.pl\/en\/#organization"},"potentialAction":[{"@type":"SearchAction","target":{"@type":"EntryPoint","urlTemplate":"https:\/\/academy.asseco.pl\/en\/?s={search_term_string}"},"query-input":{"@type":"PropertyValueSpecification","valueRequired":true,"valueName":"search_term_string"}}],"inLanguage":"en-US"},{"@type":"Organization","@id":"https:\/\/academy.asseco.pl\/en\/#organization","name":"Asseco Academy","url":"https:\/\/academy.asseco.pl\/en\/","logo":{"@type":"ImageObject","inLanguage":"en-US","@id":"https:\/\/academy.asseco.pl\/en\/#\/schema\/logo\/image\/","url":"https:\/\/academy.asseco.pl\/wp-content\/uploads\/2020\/04\/asseco_academy.png","contentUrl":"https:\/\/academy.asseco.pl\/wp-content\/uploads\/2020\/04\/asseco_academy.png","width":197,"height":26,"caption":"Asseco Academy"},"image":{"@id":"https:\/\/academy.asseco.pl\/en\/#\/schema\/logo\/image\/"}}]}},"_links":{"self":[{"href":"https:\/\/academy.asseco.pl\/en\/wp-json\/wp\/v2\/pages\/2025","targetHints":{"allow":["GET"]}}],"collection":[{"href":"https:\/\/academy.asseco.pl\/en\/wp-json\/wp\/v2\/pages"}],"about":[{"href":"https:\/\/academy.asseco.pl\/en\/wp-json\/wp\/v2\/types\/page"}],"author":[{"embeddable":true,"href":"https:\/\/academy.asseco.pl\/en\/wp-json\/wp\/v2\/users\/1"}],"replies":[{"embeddable":true,"href":"https:\/\/academy.asseco.pl\/en\/wp-json\/wp\/v2\/comments?post=2025"}],"version-history":[{"count":0,"href":"https:\/\/academy.asseco.pl\/en\/wp-json\/wp\/v2\/pages\/2025\/revisions"}],"up":[{"embeddable":true,"href":"https:\/\/academy.asseco.pl\/en\/wp-json\/wp\/v2\/pages\/2010"}],"wp:attachment":[{"href":"https:\/\/academy.asseco.pl\/en\/wp-json\/wp\/v2\/media?parent=2025"}],"curies":[{"name":"wp","href":"https:\/\/api.w.org\/{rel}","templated":true}]}}